{"id":949,"date":"2021-08-18T16:07:56","date_gmt":"2021-08-18T16:07:56","guid":{"rendered":"http:\/\/www.penepepanoelektrik.com\/?page_id=949"},"modified":"2025-12-02T18:54:17","modified_gmt":"2025-12-02T18:54:17","slug":"iletisim","status":"publish","type":"page","link":"https:\/\/www.tugraledpano.com\/index.php\/iletisim\/","title":{"rendered":"\u0130leti\u015fim"},"content":{"rendered":"\t\t<div data-elementor-type=\"wp-page\" data-elementor-id=\"949\" class=\"elementor elementor-949\">\n\t\t\t\t\t\t<section class=\"elementor-section elementor-top-section elementor-element elementor-element-cc911e6 elementor-section-boxed elementor-section-height-default elementor-section-height-default\" data-id=\"cc911e6\" data-element_type=\"section\" data-e-type=\"section\">\n\t\t\t\t\t\t<div class=\"elementor-container elementor-column-gap-default\">\n\t\t\t\t\t<div class=\"elementor-column elementor-col-50 elementor-top-column elementor-element elementor-element-60999f9\" data-id=\"60999f9\" data-element_type=\"column\" data-e-type=\"column\">\n\t\t\t<div class=\"elementor-widget-wrap elementor-element-populated\">\n\t\t\t\t\t\t<div class=\"elementor-element elementor-element-fdec1ce elementor-widget elementor-widget-image\" data-id=\"fdec1ce\" data-element_type=\"widget\" data-e-type=\"widget\" data-widget_type=\"image.default\">\n\t\t\t\t<div class=\"elementor-widget-container\">\n\t\t\t\t\t\t\t\t\t\t\t\t\t\t\t<img fetchpriority=\"high\" decoding=\"async\" width=\"450\" height=\"300\" src=\"http:\/\/www.tugraledpano.com\/wp-content\/uploads\/2024\/11\/tugraledpano-ofis-resim.jpg\" class=\"attachment-large size-large wp-image-2159\" alt=\"\" srcset=\"http:\/\/www.tugraledpano.com\/wp-content\/uploads\/2024\/11\/tugraledpano-ofis-resim.jpg 450w, http:\/\/www.tugraledpano.com\/wp-content\/uploads\/2024\/11\/tugraledpano-ofis-resim-300x200.jpg 300w\" sizes=\"(max-width: 450px) 100vw, 450px\" \/>\t\t\t\t\t\t\t\t\t\t\t\t\t\t\t<\/div>\n\t\t\t\t<\/div>\n\t\t\t\t\t<\/div>\n\t\t<\/div>\n\t\t\t\t<div class=\"elementor-column elementor-col-50 elementor-top-column elementor-element elementor-element-d6923d5\" data-id=\"d6923d5\" data-element_type=\"column\" data-e-type=\"column\">\n\t\t\t<div class=\"elementor-widget-wrap elementor-element-populated\">\n\t\t\t\t\t\t<div class=\"elementor-element elementor-element-8810f98 elementor-widget elementor-widget-text-editor\" data-id=\"8810f98\" data-element_type=\"widget\" data-e-type=\"widget\" data-widget_type=\"text-editor.default\">\n\t\t\t\t<div class=\"elementor-widget-container\">\n\t\t\t\t\t\t\t\t\t<h3><b>TU\u011eRA LED PANO ELEKTR\u0130K M\u00dcHEND\u0130SL\u0130K ve \u0130N\u015eAAT SANAY\u0130 T\u0130CARET L\u0130M\u0130TED \u015e\u0130RKET\u0130<\/b><\/h3><p><b>Adres:<\/b> \u0130kitelli OSB Mah. Mutsan Sanayi Sitesi M3 Blok No: 42<br \/>\u0130kitelli \/ Ba\u015fak\u015fehir<\/p><p><b>Tel &amp; Fax:<\/b> (0506) 584 34 38<\/p><p><b>Gsm:<\/b> (0506) 584 34 38<\/p><p><b>WhatsApp:<\/b> (0506) 584 34 38<\/p><p><b>E-posta:<\/b> <a href=\"mailto:tugraledpano@gmail.com\" target=\"_blank\" rel=\"noopener\">tugraledpano@gmail.com<\/a><\/p>\t\t\t\t\t\t\t\t<\/div>\n\t\t\t\t<\/div>\n\t\t\t\t\t<\/div>\n\t\t<\/div>\n\t\t\t\t\t<\/div>\n\t\t<\/section>\n\t\t\t\t<\/div>\n\t\t","protected":false},"excerpt":{"rendered":"<p>TU\u011eRA LED PANO ELEKTR\u0130K M\u00dcHEND\u0130SL\u0130K ve \u0130N\u015eAAT SANAY\u0130 T\u0130CARET L\u0130M\u0130TED \u015e\u0130RKET\u0130 Adres: \u0130kitelli OSB Mah. Mutsan Sanayi Sitesi M3 Blok No: 42 \u0130kitelli \/ Ba\u015fak\u015fehir Tel &amp; Fax: (0506) 584 &#8230;<\/p>\n","protected":false},"author":3,"featured_media":0,"parent":0,"menu_order":0,"comment_status":"closed","ping_status":"closed","template":"template-fullwidth.php","meta":{"om_disable_all_campaigns":false,"_monsterinsights_skip_tracking":false,"_monsterinsights_sitenote_active":false,"_monsterinsights_sitenote_note":"","_monsterinsights_sitenote_category":0,"_uf_show_specific_survey":0,"_uf_disable_surveys":false,"footnotes":""},"class_list":["post-949","page","type-page","status-publish","hentry"],"aioseo_notices":[],"_links":{"self":[{"href":"https:\/\/www.tugraledpano.com\/index.php\/wp-json\/wp\/v2\/pages\/949","targetHints":{"allow":["GET"]}}],"collection":[{"href":"https:\/\/www.tugraledpano.com\/index.php\/wp-json\/wp\/v2\/pages"}],"about":[{"href":"https:\/\/www.tugraledpano.com\/index.php\/wp-json\/wp\/v2\/types\/page"}],"author":[{"embeddable":true,"href":"https:\/\/www.tugraledpano.com\/index.php\/wp-json\/wp\/v2\/users\/3"}],"replies":[{"embeddable":true,"href":"https:\/\/www.tugraledpano.com\/index.php\/wp-json\/wp\/v2\/comments?post=949"}],"version-history":[{"count":21,"href":"https:\/\/www.tugraledpano.com\/index.php\/wp-json\/wp\/v2\/pages\/949\/revisions"}],"predecessor-version":[{"id":2203,"href":"https:\/\/www.tugraledpano.com\/index.php\/wp-json\/wp\/v2\/pages\/949\/revisions\/2203"}],"wp:attachment":[{"href":"https:\/\/www.tugraledpano.com\/index.php\/wp-json\/wp\/v2\/media?parent=949"}],"curies":[{"name":"wp","href":"https:\/\/api.w.org\/{rel}","templated":true}]}}