{"id":1865,"date":"2021-09-02T15:39:36","date_gmt":"2021-09-02T15:39:36","guid":{"rendered":"http:\/\/www.penepepanoelektrik.com\/?page_id=1865"},"modified":"2021-09-02T15:39:36","modified_gmt":"2021-09-02T15:39:36","slug":"cekmeceli-tip-kompanzasyon-panolari-standart","status":"publish","type":"page","link":"https:\/\/www.tugraledpano.com\/index.php\/cekmeceli-tip-kompanzasyon-panolari-standart\/","title":{"rendered":"\u00c7ekmeceli Tip Kompanzasyon Panolar\u0131 Standart"},"content":{"rendered":"\t\t<div data-elementor-type=\"wp-page\" data-elementor-id=\"1865\" class=\"elementor elementor-1865\">\n\t\t\t\t\t\t<section class=\"elementor-section elementor-top-section elementor-element elementor-element-f0f1aca elementor-section-boxed elementor-section-height-default elementor-section-height-default\" data-id=\"f0f1aca\" data-element_type=\"section\" data-e-type=\"section\">\n\t\t\t\t\t\t<div class=\"elementor-container elementor-column-gap-default\">\n\t\t\t\t\t<div class=\"elementor-column elementor-col-50 elementor-top-column elementor-element elementor-element-4ab0da5\" data-id=\"4ab0da5\" data-element_type=\"column\" data-e-type=\"column\">\n\t\t\t<div class=\"elementor-widget-wrap elementor-element-populated\">\n\t\t\t\t\t\t<div class=\"elementor-element elementor-element-30d3a87 elementor-widget elementor-widget-text-editor\" data-id=\"30d3a87\" data-element_type=\"widget\" data-e-type=\"widget\" data-widget_type=\"text-editor.default\">\n\t\t\t\t<div class=\"elementor-widget-container\">\n\t\t\t\t\t\t\t\t\t<p><strong>\u00c7EKMECEL\u0130 T\u0130P KOMPANZASYON PANOLARI STANDART<\/strong><\/p><p>\u00c7ekmeceli tip kompanzasyon panolar\u0131 \u00e7ekmeceli yap\u0131lar\u0131 sayesinde bak\u0131m ve i\u015fletme maliyeti minimum seviyede olmaktad\u0131r. Standart tip kompanzasyon panolar\u0131na g\u00f6re daha az yer kaplamakta ve genel bak\u0131mlar\u0131 da daha pratik yap\u0131labilmektedir. Ar\u0131za olu\u015fan \u00e7ekmece yerinden \u00e7\u0131kar\u0131larak bak\u0131m\u0131 yap\u0131l\u0131rken birle\u015ftirilen di\u011fer \u00e7ekmecelerle sistem \u00e7al\u0131\u015fmaya devam etmekte bu sayede bir kay\u0131p olu\u015fmamaktad\u0131r.<\/p>\t\t\t\t\t\t\t\t<\/div>\n\t\t\t\t<\/div>\n\t\t\t\t\t<\/div>\n\t\t<\/div>\n\t\t\t\t<div class=\"elementor-column elementor-col-50 elementor-top-column elementor-element elementor-element-738f140\" data-id=\"738f140\" data-element_type=\"column\" data-e-type=\"column\">\n\t\t\t<div class=\"elementor-widget-wrap elementor-element-populated\">\n\t\t\t\t\t\t<div class=\"elementor-element elementor-element-de630f9 elementor-widget elementor-widget-image\" data-id=\"de630f9\" data-element_type=\"widget\" data-e-type=\"widget\" data-widget_type=\"image.default\">\n\t\t\t\t<div class=\"elementor-widget-container\">\n\t\t\t\t\t\t\t\t\t\t\t\t\t\t\t<img decoding=\"async\" width=\"219\" height=\"208\" src=\"https:\/\/www.tugraledpano.com\/wp-content\/uploads\/2021\/09\/cek_tip_kom_pano_std_4.jpg\" class=\"attachment-large size-large wp-image-1886\" alt=\"\" \/>\t\t\t\t\t\t\t\t\t\t\t\t\t\t\t<\/div>\n\t\t\t\t<\/div>\n\t\t\t\t\t<\/div>\n\t\t<\/div>\n\t\t\t\t\t<\/div>\n\t\t<\/section>\n\t\t\t\t<section class=\"elementor-section elementor-top-section elementor-element elementor-element-3871bb8 elementor-section-boxed elementor-section-height-default elementor-section-height-default\" data-id=\"3871bb8\" data-element_type=\"section\" data-e-type=\"section\">\n\t\t\t\t\t\t<div class=\"elementor-container elementor-column-gap-default\">\n\t\t\t\t\t<div class=\"elementor-column elementor-col-50 elementor-top-column elementor-element elementor-element-6033331\" data-id=\"6033331\" data-element_type=\"column\" data-e-type=\"column\">\n\t\t\t<div class=\"elementor-widget-wrap elementor-element-populated\">\n\t\t\t\t\t\t<div class=\"elementor-element elementor-element-f2a74ac elementor-widget elementor-widget-image\" data-id=\"f2a74ac\" data-element_type=\"widget\" data-e-type=\"widget\" data-widget_type=\"image.default\">\n\t\t\t\t<div class=\"elementor-widget-container\">\n\t\t\t\t\t\t\t\t\t\t\t\t\t\t\t<img fetchpriority=\"high\" decoding=\"async\" width=\"378\" height=\"341\" src=\"https:\/\/www.tugraledpano.com\/wp-content\/uploads\/2021\/09\/cek_tip_kom_pano_std_1.jpg\" class=\"attachment-large size-large wp-image-1887\" alt=\"\" srcset=\"https:\/\/www.tugraledpano.com\/wp-content\/uploads\/2021\/09\/cek_tip_kom_pano_std_1.jpg 378w, https:\/\/www.tugraledpano.com\/wp-content\/uploads\/2021\/09\/cek_tip_kom_pano_std_1-300x271.jpg 300w\" sizes=\"(max-width: 378px) 100vw, 378px\" \/>\t\t\t\t\t\t\t\t\t\t\t\t\t\t\t<\/div>\n\t\t\t\t<\/div>\n\t\t\t\t\t<\/div>\n\t\t<\/div>\n\t\t\t\t<div class=\"elementor-column elementor-col-50 elementor-top-column elementor-element elementor-element-e0d2d30\" data-id=\"e0d2d30\" data-element_type=\"column\" data-e-type=\"column\">\n\t\t\t<div class=\"elementor-widget-wrap elementor-element-populated\">\n\t\t\t\t\t\t<div class=\"elementor-element elementor-element-4386c19 elementor-widget elementor-widget-image\" data-id=\"4386c19\" data-element_type=\"widget\" data-e-type=\"widget\" data-widget_type=\"image.default\">\n\t\t\t\t<div class=\"elementor-widget-container\">\n\t\t\t\t\t\t\t\t\t\t\t\t\t\t\t<img decoding=\"async\" width=\"216\" height=\"340\" src=\"https:\/\/www.tugraledpano.com\/wp-content\/uploads\/2021\/09\/cek_tip_kom_pano_std_2.jpg\" class=\"attachment-large size-large wp-image-1888\" alt=\"\" srcset=\"https:\/\/www.tugraledpano.com\/wp-content\/uploads\/2021\/09\/cek_tip_kom_pano_std_2.jpg 216w, https:\/\/www.tugraledpano.com\/wp-content\/uploads\/2021\/09\/cek_tip_kom_pano_std_2-191x300.jpg 191w\" sizes=\"(max-width: 216px) 100vw, 216px\" \/>\t\t\t\t\t\t\t\t\t\t\t\t\t\t\t<\/div>\n\t\t\t\t<\/div>\n\t\t\t\t\t<\/div>\n\t\t<\/div>\n\t\t\t\t\t<\/div>\n\t\t<\/section>\n\t\t\t\t<section class=\"elementor-section elementor-top-section elementor-element elementor-element-ce71c42 elementor-section-boxed elementor-section-height-default elementor-section-height-default\" data-id=\"ce71c42\" data-element_type=\"section\" data-e-type=\"section\">\n\t\t\t\t\t\t<div class=\"elementor-container elementor-column-gap-default\">\n\t\t\t\t\t<div class=\"elementor-column elementor-col-100 elementor-top-column elementor-element elementor-element-1dc8b9e\" data-id=\"1dc8b9e\" data-element_type=\"column\" data-e-type=\"column\">\n\t\t\t<div class=\"elementor-widget-wrap elementor-element-populated\">\n\t\t\t\t\t\t<div class=\"elementor-element elementor-element-6597b7a elementor-widget elementor-widget-image\" data-id=\"6597b7a\" data-element_type=\"widget\" data-e-type=\"widget\" data-widget_type=\"image.default\">\n\t\t\t\t<div class=\"elementor-widget-container\">\n\t\t\t\t\t\t\t\t\t\t\t\t\t\t\t<img loading=\"lazy\" decoding=\"async\" width=\"255\" height=\"413\" src=\"https:\/\/www.tugraledpano.com\/wp-content\/uploads\/2021\/09\/cek_tip_kom_pano_std_3.jpg\" class=\"attachment-large size-large wp-image-1889\" alt=\"\" srcset=\"https:\/\/www.tugraledpano.com\/wp-content\/uploads\/2021\/09\/cek_tip_kom_pano_std_3.jpg 255w, https:\/\/www.tugraledpano.com\/wp-content\/uploads\/2021\/09\/cek_tip_kom_pano_std_3-185x300.jpg 185w\" sizes=\"(max-width: 255px) 100vw, 255px\" \/>\t\t\t\t\t\t\t\t\t\t\t\t\t\t\t<\/div>\n\t\t\t\t<\/div>\n\t\t\t\t\t<\/div>\n\t\t<\/div>\n\t\t\t\t\t<\/div>\n\t\t<\/section>\n\t\t\t\t<\/div>\n\t\t","protected":false},"excerpt":{"rendered":"<p>\u00c7EKMECEL\u0130 T\u0130P KOMPANZASYON PANOLARI STANDART \u00c7ekmeceli tip kompanzasyon panolar\u0131 \u00e7ekmeceli yap\u0131lar\u0131 sayesinde bak\u0131m ve i\u015fletme maliyeti minimum seviyede olmaktad\u0131r. Standart tip kompanzasyon panolar\u0131na g\u00f6re daha az yer kaplamakta ve genel &#8230;<\/p>\n","protected":false},"author":3,"featured_media":0,"parent":0,"menu_order":0,"comment_status":"closed","ping_status":"closed","template":"","meta":{"om_disable_all_campaigns":false,"_monsterinsights_skip_tracking":false,"_monsterinsights_sitenote_active":false,"_monsterinsights_sitenote_note":"","_monsterinsights_sitenote_category":0,"_uf_show_specific_survey":0,"_uf_disable_surveys":false,"footnotes":""},"class_list":["post-1865","page","type-page","status-publish","hentry"],"aioseo_notices":[],"_links":{"self":[{"href":"https:\/\/www.tugraledpano.com\/index.php\/wp-json\/wp\/v2\/pages\/1865","targetHints":{"allow":["GET"]}}],"collection":[{"href":"https:\/\/www.tugraledpano.com\/index.php\/wp-json\/wp\/v2\/pages"}],"about":[{"href":"https:\/\/www.tugraledpano.com\/index.php\/wp-json\/wp\/v2\/types\/page"}],"author":[{"embeddable":true,"href":"https:\/\/www.tugraledpano.com\/index.php\/wp-json\/wp\/v2\/users\/3"}],"replies":[{"embeddable":true,"href":"https:\/\/www.tugraledpano.com\/index.php\/wp-json\/wp\/v2\/comments?post=1865"}],"version-history":[{"count":0,"href":"https:\/\/www.tugraledpano.com\/index.php\/wp-json\/wp\/v2\/pages\/1865\/revisions"}],"wp:attachment":[{"href":"https:\/\/www.tugraledpano.com\/index.php\/wp-json\/wp\/v2\/media?parent=1865"}],"curies":[{"name":"wp","href":"https:\/\/api.w.org\/{rel}","templated":true}]}}