{"id":1859,"date":"2021-09-02T15:38:02","date_gmt":"2021-09-02T15:38:02","guid":{"rendered":"http:\/\/www.penepepanoelektrik.com\/?page_id=1859"},"modified":"2021-09-02T15:38:02","modified_gmt":"2021-09-02T15:38:02","slug":"dikili-tip-perde-sacli-panolar","status":"publish","type":"page","link":"https:\/\/www.tugraledpano.com\/index.php\/dikili-tip-perde-sacli-panolar\/","title":{"rendered":"Dikili Tip Perde Sa\u00e7l\u0131 Panolar"},"content":{"rendered":"\t\t<div data-elementor-type=\"wp-page\" data-elementor-id=\"1859\" class=\"elementor elementor-1859\">\n\t\t\t\t\t\t<section class=\"elementor-section elementor-top-section elementor-element elementor-element-c2bad51 elementor-section-boxed elementor-section-height-default elementor-section-height-default\" data-id=\"c2bad51\" data-element_type=\"section\" data-e-type=\"section\">\n\t\t\t\t\t\t<div class=\"elementor-container elementor-column-gap-default\">\n\t\t\t\t\t<div class=\"elementor-column elementor-col-50 elementor-top-column elementor-element elementor-element-5149804\" data-id=\"5149804\" data-element_type=\"column\" data-e-type=\"column\">\n\t\t\t<div class=\"elementor-widget-wrap elementor-element-populated\">\n\t\t\t\t\t\t<div class=\"elementor-element elementor-element-e991432 elementor-widget elementor-widget-text-editor\" data-id=\"e991432\" data-element_type=\"widget\" data-e-type=\"widget\" data-widget_type=\"text-editor.default\">\n\t\t\t\t<div class=\"elementor-widget-container\">\n\t\t\t\t\t\t\t\t\t<p><strong>D\u0130K\u0130L\u0130 T\u0130P PERDE SA\u00c7LI PANOLAR<\/strong><\/p><p>Dikili tip perde sa\u00e7l\u0131 panolar i\u00e7erisinde bulunan cihazlar\u0131n \u00fcst\u00fcn\u00fc \u00f6rten perde sa\u00e7lar\u0131 sayesinde di\u011fer panolara oranla daha fazla i\u015fletme g\u00fcvenli\u011fi sa\u011flar ve b\u00f6ylece koruma s\u0131n\u0131f\u0131n\u0131 artt\u0131rm\u0131\u015f olur. D\u0131\u015f kapakta \u00f6l\u00e7\u00fc cihazlar\u0131 d\u0131\u015f\u0131nda herhangi bir cihaz bulunmad\u0131\u011f\u0131ndan estetik bir g\u00f6r\u00fcnt\u00fc olu\u015fturur.<\/p>\t\t\t\t\t\t\t\t<\/div>\n\t\t\t\t<\/div>\n\t\t\t\t\t<\/div>\n\t\t<\/div>\n\t\t\t\t<div class=\"elementor-column elementor-col-50 elementor-top-column elementor-element elementor-element-1f34356\" data-id=\"1f34356\" data-element_type=\"column\" data-e-type=\"column\">\n\t\t\t<div class=\"elementor-widget-wrap elementor-element-populated\">\n\t\t\t\t\t\t<div class=\"elementor-element elementor-element-00e4f14 elementor-widget elementor-widget-image\" data-id=\"00e4f14\" data-element_type=\"widget\" data-e-type=\"widget\" data-widget_type=\"image.default\">\n\t\t\t\t<div class=\"elementor-widget-container\">\n\t\t\t\t\t\t\t\t\t\t\t\t\t\t\t<img fetchpriority=\"high\" decoding=\"async\" width=\"280\" height=\"196\" src=\"https:\/\/www.tugraledpano.com\/wp-content\/uploads\/2021\/09\/dik_tip_perd_sac_pano_4.jpg\" class=\"attachment-large size-large wp-image-1879\" alt=\"\" \/>\t\t\t\t\t\t\t\t\t\t\t\t\t\t\t<\/div>\n\t\t\t\t<\/div>\n\t\t\t\t\t<\/div>\n\t\t<\/div>\n\t\t\t\t\t<\/div>\n\t\t<\/section>\n\t\t\t\t<section class=\"elementor-section elementor-top-section elementor-element elementor-element-bfbcbf1 elementor-section-boxed elementor-section-height-default elementor-section-height-default\" data-id=\"bfbcbf1\" data-element_type=\"section\" data-e-type=\"section\">\n\t\t\t\t\t\t<div class=\"elementor-container elementor-column-gap-default\">\n\t\t\t\t\t<div class=\"elementor-column elementor-col-50 elementor-top-column elementor-element elementor-element-b70e93e\" data-id=\"b70e93e\" data-element_type=\"column\" data-e-type=\"column\">\n\t\t\t<div class=\"elementor-widget-wrap elementor-element-populated\">\n\t\t\t\t\t\t<div class=\"elementor-element elementor-element-d6db039 elementor-widget elementor-widget-image\" data-id=\"d6db039\" data-element_type=\"widget\" data-e-type=\"widget\" data-widget_type=\"image.default\">\n\t\t\t\t<div class=\"elementor-widget-container\">\n\t\t\t\t\t\t\t\t\t\t\t\t\t\t\t<img decoding=\"async\" width=\"240\" height=\"383\" src=\"https:\/\/www.tugraledpano.com\/wp-content\/uploads\/2021\/09\/dik_tip_perd_sac_pano_1.jpg\" class=\"attachment-large size-large wp-image-1880\" alt=\"\" srcset=\"https:\/\/www.tugraledpano.com\/wp-content\/uploads\/2021\/09\/dik_tip_perd_sac_pano_1.jpg 240w, https:\/\/www.tugraledpano.com\/wp-content\/uploads\/2021\/09\/dik_tip_perd_sac_pano_1-188x300.jpg 188w\" sizes=\"(max-width: 240px) 100vw, 240px\" \/>\t\t\t\t\t\t\t\t\t\t\t\t\t\t\t<\/div>\n\t\t\t\t<\/div>\n\t\t\t\t\t<\/div>\n\t\t<\/div>\n\t\t\t\t<div class=\"elementor-column elementor-col-50 elementor-top-column elementor-element elementor-element-7b04396\" data-id=\"7b04396\" data-element_type=\"column\" data-e-type=\"column\">\n\t\t\t<div class=\"elementor-widget-wrap elementor-element-populated\">\n\t\t\t\t\t\t<div class=\"elementor-element elementor-element-2820e64 elementor-widget elementor-widget-image\" data-id=\"2820e64\" data-element_type=\"widget\" data-e-type=\"widget\" data-widget_type=\"image.default\">\n\t\t\t\t<div class=\"elementor-widget-container\">\n\t\t\t\t\t\t\t\t\t\t\t\t\t\t\t<img decoding=\"async\" width=\"292\" height=\"381\" src=\"https:\/\/www.tugraledpano.com\/wp-content\/uploads\/2021\/09\/dik_tip_perd_sac_pano_2.jpg\" class=\"attachment-large size-large wp-image-1881\" alt=\"\" srcset=\"https:\/\/www.tugraledpano.com\/wp-content\/uploads\/2021\/09\/dik_tip_perd_sac_pano_2.jpg 292w, https:\/\/www.tugraledpano.com\/wp-content\/uploads\/2021\/09\/dik_tip_perd_sac_pano_2-230x300.jpg 230w\" sizes=\"(max-width: 292px) 100vw, 292px\" \/>\t\t\t\t\t\t\t\t\t\t\t\t\t\t\t<\/div>\n\t\t\t\t<\/div>\n\t\t\t\t\t<\/div>\n\t\t<\/div>\n\t\t\t\t\t<\/div>\n\t\t<\/section>\n\t\t\t\t<section class=\"elementor-section elementor-top-section elementor-element elementor-element-86421e5 elementor-section-boxed elementor-section-height-default elementor-section-height-default\" data-id=\"86421e5\" data-element_type=\"section\" data-e-type=\"section\">\n\t\t\t\t\t\t<div class=\"elementor-container elementor-column-gap-default\">\n\t\t\t\t\t<div class=\"elementor-column elementor-col-100 elementor-top-column elementor-element elementor-element-f3caabf\" data-id=\"f3caabf\" data-element_type=\"column\" data-e-type=\"column\">\n\t\t\t<div class=\"elementor-widget-wrap elementor-element-populated\">\n\t\t\t\t\t\t<div class=\"elementor-element elementor-element-3b8cf3b elementor-widget elementor-widget-image\" data-id=\"3b8cf3b\" data-element_type=\"widget\" data-e-type=\"widget\" data-widget_type=\"image.default\">\n\t\t\t\t<div class=\"elementor-widget-container\">\n\t\t\t\t\t\t\t\t\t\t\t\t\t\t\t<img loading=\"lazy\" decoding=\"async\" width=\"296\" height=\"390\" src=\"https:\/\/www.tugraledpano.com\/wp-content\/uploads\/2021\/09\/dik_tip_perd_sac_pano_3.jpg\" class=\"attachment-large size-large wp-image-1882\" alt=\"\" srcset=\"https:\/\/www.tugraledpano.com\/wp-content\/uploads\/2021\/09\/dik_tip_perd_sac_pano_3.jpg 296w, https:\/\/www.tugraledpano.com\/wp-content\/uploads\/2021\/09\/dik_tip_perd_sac_pano_3-228x300.jpg 228w\" sizes=\"(max-width: 296px) 100vw, 296px\" \/>\t\t\t\t\t\t\t\t\t\t\t\t\t\t\t<\/div>\n\t\t\t\t<\/div>\n\t\t\t\t\t<\/div>\n\t\t<\/div>\n\t\t\t\t\t<\/div>\n\t\t<\/section>\n\t\t\t\t<\/div>\n\t\t","protected":false},"excerpt":{"rendered":"<p>D\u0130K\u0130L\u0130 T\u0130P PERDE SA\u00c7LI PANOLAR Dikili tip perde sa\u00e7l\u0131 panolar i\u00e7erisinde bulunan cihazlar\u0131n \u00fcst\u00fcn\u00fc \u00f6rten perde sa\u00e7lar\u0131 sayesinde di\u011fer panolara oranla daha fazla i\u015fletme g\u00fcvenli\u011fi sa\u011flar ve b\u00f6ylece koruma s\u0131n\u0131f\u0131n\u0131 &#8230;<\/p>\n","protected":false},"author":3,"featured_media":0,"parent":0,"menu_order":0,"comment_status":"closed","ping_status":"closed","template":"","meta":{"om_disable_all_campaigns":false,"_monsterinsights_skip_tracking":false,"_monsterinsights_sitenote_active":false,"_monsterinsights_sitenote_note":"","_monsterinsights_sitenote_category":0,"_uf_show_specific_survey":0,"_uf_disable_surveys":false,"footnotes":""},"class_list":["post-1859","page","type-page","status-publish","hentry"],"aioseo_notices":[],"_links":{"self":[{"href":"https:\/\/www.tugraledpano.com\/index.php\/wp-json\/wp\/v2\/pages\/1859","targetHints":{"allow":["GET"]}}],"collection":[{"href":"https:\/\/www.tugraledpano.com\/index.php\/wp-json\/wp\/v2\/pages"}],"about":[{"href":"https:\/\/www.tugraledpano.com\/index.php\/wp-json\/wp\/v2\/types\/page"}],"author":[{"embeddable":true,"href":"https:\/\/www.tugraledpano.com\/index.php\/wp-json\/wp\/v2\/users\/3"}],"replies":[{"embeddable":true,"href":"https:\/\/www.tugraledpano.com\/index.php\/wp-json\/wp\/v2\/comments?post=1859"}],"version-history":[{"count":0,"href":"https:\/\/www.tugraledpano.com\/index.php\/wp-json\/wp\/v2\/pages\/1859\/revisions"}],"wp:attachment":[{"href":"https:\/\/www.tugraledpano.com\/index.php\/wp-json\/wp\/v2\/media?parent=1859"}],"curies":[{"name":"wp","href":"https:\/\/api.w.org\/{rel}","templated":true}]}}