{"id":1826,"date":"2021-09-02T15:22:49","date_gmt":"2021-09-02T15:22:49","guid":{"rendered":"http:\/\/www.penepepanoelektrik.com\/?page_id=1826"},"modified":"2021-09-02T15:22:49","modified_gmt":"2021-09-02T15:22:49","slug":"duvar-tipi-siva-alti-panolar","status":"publish","type":"page","link":"https:\/\/www.tugraledpano.com\/index.php\/duvar-tipi-siva-alti-panolar\/","title":{"rendered":"Duvar Tipi S\u0131va Alt\u0131 Panolar"},"content":{"rendered":"\t\t<div data-elementor-type=\"wp-page\" data-elementor-id=\"1826\" class=\"elementor elementor-1826\">\n\t\t\t\t\t\t<section class=\"elementor-section elementor-top-section elementor-element elementor-element-df0f726 elementor-section-boxed elementor-section-height-default elementor-section-height-default\" data-id=\"df0f726\" data-element_type=\"section\" data-e-type=\"section\">\n\t\t\t\t\t\t<div class=\"elementor-container elementor-column-gap-default\">\n\t\t\t\t\t<div class=\"elementor-column elementor-col-50 elementor-top-column elementor-element elementor-element-68ddbfb\" data-id=\"68ddbfb\" data-element_type=\"column\" data-e-type=\"column\">\n\t\t\t<div class=\"elementor-widget-wrap elementor-element-populated\">\n\t\t\t\t\t\t<div class=\"elementor-element elementor-element-74d89d5 elementor-widget elementor-widget-text-editor\" data-id=\"74d89d5\" data-element_type=\"widget\" data-e-type=\"widget\" data-widget_type=\"text-editor.default\">\n\t\t\t\t<div class=\"elementor-widget-container\">\n\t\t\t\t\t\t\t\t\t<p><strong>DUVAR T\u0130P\u0130 SIVA ALTI PANOLAR<\/strong><\/p><p>S\u0131va alt\u0131 panolar duvara g\u00f6m\u00fclmesi sebebiyle yer tasarrufu ve estetik g\u00f6r\u00fcn\u00fcm sa\u011flamaktad\u0131r. \u0130stendi\u011fi takdirde \u00e7er\u00e7eve ve g\u00f6vde k\u0131sm\u0131 ayr\u0131 ayr\u0131 yap\u0131lmaktad\u0131r. Bu sayede s\u0131va \u00f6ncesi \u00e7er\u00e7eve yerine tak\u0131lmakta cihazlar\u0131n oldu\u011fu g\u00f6vde daha sonra \u00e7er\u00e7eveye monte edilmektedir. B\u00f6ylece cihazlar s\u0131vadan dolay\u0131 olu\u015facak kirlilikten korunmaktad\u0131r.<\/p>\t\t\t\t\t\t\t\t<\/div>\n\t\t\t\t<\/div>\n\t\t\t\t\t<\/div>\n\t\t<\/div>\n\t\t\t\t<div class=\"elementor-column elementor-col-50 elementor-top-column elementor-element elementor-element-625125b\" data-id=\"625125b\" data-element_type=\"column\" data-e-type=\"column\">\n\t\t\t<div class=\"elementor-widget-wrap elementor-element-populated\">\n\t\t\t\t\t\t<div class=\"elementor-element elementor-element-f72a068 elementor-widget elementor-widget-image\" data-id=\"f72a068\" data-element_type=\"widget\" data-e-type=\"widget\" data-widget_type=\"image.default\">\n\t\t\t\t<div class=\"elementor-widget-container\">\n\t\t\t\t\t\t\t\t\t\t\t\t\t\t\t<img fetchpriority=\"high\" decoding=\"async\" width=\"282\" height=\"232\" src=\"https:\/\/www.tugraledpano.com\/wp-content\/uploads\/2021\/09\/duv_tip_siva_alti_pano_4.jpg\" class=\"attachment-large size-large wp-image-1841\" alt=\"\" \/>\t\t\t\t\t\t\t\t\t\t\t\t\t\t\t<\/div>\n\t\t\t\t<\/div>\n\t\t\t\t\t<\/div>\n\t\t<\/div>\n\t\t\t\t\t<\/div>\n\t\t<\/section>\n\t\t\t\t<section class=\"elementor-section elementor-top-section elementor-element elementor-element-841bd57 elementor-section-boxed elementor-section-height-default elementor-section-height-default\" data-id=\"841bd57\" data-element_type=\"section\" data-e-type=\"section\">\n\t\t\t\t\t\t<div class=\"elementor-container elementor-column-gap-default\">\n\t\t\t\t\t<div class=\"elementor-column elementor-col-50 elementor-top-column elementor-element elementor-element-65569f2\" data-id=\"65569f2\" data-element_type=\"column\" data-e-type=\"column\">\n\t\t\t<div class=\"elementor-widget-wrap elementor-element-populated\">\n\t\t\t\t\t\t<div class=\"elementor-element elementor-element-e091b2c elementor-widget elementor-widget-image\" data-id=\"e091b2c\" data-element_type=\"widget\" data-e-type=\"widget\" data-widget_type=\"image.default\">\n\t\t\t\t<div class=\"elementor-widget-container\">\n\t\t\t\t\t\t\t\t\t\t\t\t\t\t\t<img decoding=\"async\" width=\"264\" height=\"370\" src=\"https:\/\/www.tugraledpano.com\/wp-content\/uploads\/2021\/09\/duv_tip_siva_alti_pano_1.jpg\" class=\"attachment-large size-large wp-image-1842\" alt=\"\" srcset=\"https:\/\/www.tugraledpano.com\/wp-content\/uploads\/2021\/09\/duv_tip_siva_alti_pano_1.jpg 264w, https:\/\/www.tugraledpano.com\/wp-content\/uploads\/2021\/09\/duv_tip_siva_alti_pano_1-214x300.jpg 214w\" sizes=\"(max-width: 264px) 100vw, 264px\" \/>\t\t\t\t\t\t\t\t\t\t\t\t\t\t\t<\/div>\n\t\t\t\t<\/div>\n\t\t\t\t\t<\/div>\n\t\t<\/div>\n\t\t\t\t<div class=\"elementor-column elementor-col-50 elementor-top-column elementor-element elementor-element-adea672\" data-id=\"adea672\" data-element_type=\"column\" data-e-type=\"column\">\n\t\t\t<div class=\"elementor-widget-wrap elementor-element-populated\">\n\t\t\t\t\t\t<div class=\"elementor-element elementor-element-9d5947f elementor-widget elementor-widget-image\" data-id=\"9d5947f\" data-element_type=\"widget\" data-e-type=\"widget\" data-widget_type=\"image.default\">\n\t\t\t\t<div class=\"elementor-widget-container\">\n\t\t\t\t\t\t\t\t\t\t\t\t\t\t\t<img decoding=\"async\" width=\"230\" height=\"372\" src=\"https:\/\/www.tugraledpano.com\/wp-content\/uploads\/2021\/09\/duv_tip_siva_alti_pano_2.jpg\" class=\"attachment-large size-large wp-image-1843\" alt=\"\" srcset=\"https:\/\/www.tugraledpano.com\/wp-content\/uploads\/2021\/09\/duv_tip_siva_alti_pano_2.jpg 230w, https:\/\/www.tugraledpano.com\/wp-content\/uploads\/2021\/09\/duv_tip_siva_alti_pano_2-185x300.jpg 185w\" sizes=\"(max-width: 230px) 100vw, 230px\" \/>\t\t\t\t\t\t\t\t\t\t\t\t\t\t\t<\/div>\n\t\t\t\t<\/div>\n\t\t\t\t\t<\/div>\n\t\t<\/div>\n\t\t\t\t\t<\/div>\n\t\t<\/section>\n\t\t\t\t<section class=\"elementor-section elementor-top-section elementor-element elementor-element-34a6714 elementor-section-boxed elementor-section-height-default elementor-section-height-default\" data-id=\"34a6714\" data-element_type=\"section\" data-e-type=\"section\">\n\t\t\t\t\t\t<div class=\"elementor-container elementor-column-gap-default\">\n\t\t\t\t\t<div class=\"elementor-column elementor-col-100 elementor-top-column elementor-element elementor-element-bf243a9\" data-id=\"bf243a9\" data-element_type=\"column\" data-e-type=\"column\">\n\t\t\t<div class=\"elementor-widget-wrap elementor-element-populated\">\n\t\t\t\t\t\t<div class=\"elementor-element elementor-element-62816e8 elementor-widget elementor-widget-image\" data-id=\"62816e8\" data-element_type=\"widget\" data-e-type=\"widget\" data-widget_type=\"image.default\">\n\t\t\t\t<div class=\"elementor-widget-container\">\n\t\t\t\t\t\t\t\t\t\t\t\t\t\t\t<img loading=\"lazy\" decoding=\"async\" width=\"249\" height=\"397\" src=\"https:\/\/www.tugraledpano.com\/wp-content\/uploads\/2021\/09\/duv_tip_siva_alti_pano_3.jpg\" class=\"attachment-large size-large wp-image-1844\" alt=\"\" srcset=\"https:\/\/www.tugraledpano.com\/wp-content\/uploads\/2021\/09\/duv_tip_siva_alti_pano_3.jpg 249w, https:\/\/www.tugraledpano.com\/wp-content\/uploads\/2021\/09\/duv_tip_siva_alti_pano_3-188x300.jpg 188w\" sizes=\"(max-width: 249px) 100vw, 249px\" \/>\t\t\t\t\t\t\t\t\t\t\t\t\t\t\t<\/div>\n\t\t\t\t<\/div>\n\t\t\t\t\t<\/div>\n\t\t<\/div>\n\t\t\t\t\t<\/div>\n\t\t<\/section>\n\t\t\t\t<\/div>\n\t\t","protected":false},"excerpt":{"rendered":"<p>DUVAR T\u0130P\u0130 SIVA ALTI PANOLAR S\u0131va alt\u0131 panolar duvara g\u00f6m\u00fclmesi sebebiyle yer tasarrufu ve estetik g\u00f6r\u00fcn\u00fcm sa\u011flamaktad\u0131r. \u0130stendi\u011fi takdirde \u00e7er\u00e7eve ve g\u00f6vde k\u0131sm\u0131 ayr\u0131 ayr\u0131 yap\u0131lmaktad\u0131r. Bu sayede s\u0131va \u00f6ncesi &#8230;<\/p>\n","protected":false},"author":3,"featured_media":0,"parent":0,"menu_order":0,"comment_status":"closed","ping_status":"closed","template":"","meta":{"om_disable_all_campaigns":false,"_monsterinsights_skip_tracking":false,"_monsterinsights_sitenote_active":false,"_monsterinsights_sitenote_note":"","_monsterinsights_sitenote_category":0,"_uf_show_specific_survey":0,"_uf_disable_surveys":false,"footnotes":""},"class_list":["post-1826","page","type-page","status-publish","hentry"],"aioseo_notices":[],"_links":{"self":[{"href":"https:\/\/www.tugraledpano.com\/index.php\/wp-json\/wp\/v2\/pages\/1826","targetHints":{"allow":["GET"]}}],"collection":[{"href":"https:\/\/www.tugraledpano.com\/index.php\/wp-json\/wp\/v2\/pages"}],"about":[{"href":"https:\/\/www.tugraledpano.com\/index.php\/wp-json\/wp\/v2\/types\/page"}],"author":[{"embeddable":true,"href":"https:\/\/www.tugraledpano.com\/index.php\/wp-json\/wp\/v2\/users\/3"}],"replies":[{"embeddable":true,"href":"https:\/\/www.tugraledpano.com\/index.php\/wp-json\/wp\/v2\/comments?post=1826"}],"version-history":[{"count":0,"href":"https:\/\/www.tugraledpano.com\/index.php\/wp-json\/wp\/v2\/pages\/1826\/revisions"}],"wp:attachment":[{"href":"https:\/\/www.tugraledpano.com\/index.php\/wp-json\/wp\/v2\/media?parent=1826"}],"curies":[{"name":"wp","href":"https:\/\/api.w.org\/{rel}","templated":true}]}}