{"id":1824,"date":"2021-09-02T15:22:49","date_gmt":"2021-09-02T15:22:49","guid":{"rendered":"http:\/\/www.penepepanoelektrik.com\/?page_id=1824"},"modified":"2021-09-02T15:22:49","modified_gmt":"2021-09-02T15:22:49","slug":"duvar-tipi-taban-sacli-panolar","status":"publish","type":"page","link":"https:\/\/www.tugraledpano.com\/index.php\/duvar-tipi-taban-sacli-panolar\/","title":{"rendered":"Duvar Tipi Taban Sa\u00e7l\u0131 Panolar"},"content":{"rendered":"\t\t<div data-elementor-type=\"wp-page\" data-elementor-id=\"1824\" class=\"elementor elementor-1824\">\n\t\t\t\t\t\t<section class=\"elementor-section elementor-top-section elementor-element elementor-element-903ef66 elementor-section-boxed elementor-section-height-default elementor-section-height-default\" data-id=\"903ef66\" data-element_type=\"section\" data-e-type=\"section\">\n\t\t\t\t\t\t<div class=\"elementor-container elementor-column-gap-default\">\n\t\t\t\t\t<div class=\"elementor-column elementor-col-50 elementor-top-column elementor-element elementor-element-4c8ddc0\" data-id=\"4c8ddc0\" data-element_type=\"column\" data-e-type=\"column\">\n\t\t\t<div class=\"elementor-widget-wrap elementor-element-populated\">\n\t\t\t\t\t\t<div class=\"elementor-element elementor-element-2044879 elementor-widget elementor-widget-text-editor\" data-id=\"2044879\" data-element_type=\"widget\" data-e-type=\"widget\" data-widget_type=\"text-editor.default\">\n\t\t\t\t<div class=\"elementor-widget-container\">\n\t\t\t\t\t\t\t\t\t<p><strong>DUVAR T\u0130P\u0130 TABAN SA\u00c7LI PANOLAR<\/strong><\/p><p>Bu tip panolar daha \u00e7ok k\u00fc\u00e7\u00fck tip motor kontrollerinde kullan\u0131l\u0131rlar. Yan ve dik olarak tak\u0131lan montaj kulaklar\u0131 sayesinde duvara kolay montaj\u0131 sa\u011flanabilir. S\u00f6k\u00fclebilen montaj plakas\u0131 ile pano g\u00f6vdesinden ba\u011f\u0131ms\u0131z montaj yap\u0131labilir.<\/p>\t\t\t\t\t\t\t\t<\/div>\n\t\t\t\t<\/div>\n\t\t\t\t\t<\/div>\n\t\t<\/div>\n\t\t\t\t<div class=\"elementor-column elementor-col-50 elementor-top-column elementor-element elementor-element-71b8ce7\" data-id=\"71b8ce7\" data-element_type=\"column\" data-e-type=\"column\">\n\t\t\t<div class=\"elementor-widget-wrap elementor-element-populated\">\n\t\t\t\t\t\t<div class=\"elementor-element elementor-element-72fc61a elementor-widget elementor-widget-image\" data-id=\"72fc61a\" data-element_type=\"widget\" data-e-type=\"widget\" data-widget_type=\"image.default\">\n\t\t\t\t<div class=\"elementor-widget-container\">\n\t\t\t\t\t\t\t\t\t\t\t\t\t\t\t<img fetchpriority=\"high\" decoding=\"async\" width=\"267\" height=\"236\" src=\"https:\/\/www.tugraledpano.com\/wp-content\/uploads\/2021\/09\/duv_tip_tab_sac_pano_4.jpg\" class=\"attachment-large size-large wp-image-1820\" alt=\"\" \/>\t\t\t\t\t\t\t\t\t\t\t\t\t\t\t<\/div>\n\t\t\t\t<\/div>\n\t\t\t\t\t<\/div>\n\t\t<\/div>\n\t\t\t\t\t<\/div>\n\t\t<\/section>\n\t\t\t\t<section class=\"elementor-section elementor-top-section elementor-element elementor-element-962774c elementor-section-boxed elementor-section-height-default elementor-section-height-default\" data-id=\"962774c\" data-element_type=\"section\" data-e-type=\"section\">\n\t\t\t\t\t\t<div class=\"elementor-container elementor-column-gap-default\">\n\t\t\t\t\t<div class=\"elementor-column elementor-col-50 elementor-top-column elementor-element elementor-element-eea4a10\" data-id=\"eea4a10\" data-element_type=\"column\" data-e-type=\"column\">\n\t\t\t<div class=\"elementor-widget-wrap elementor-element-populated\">\n\t\t\t\t\t\t<div class=\"elementor-element elementor-element-9c171fe elementor-widget elementor-widget-image\" data-id=\"9c171fe\" data-element_type=\"widget\" data-e-type=\"widget\" data-widget_type=\"image.default\">\n\t\t\t\t<div class=\"elementor-widget-container\">\n\t\t\t\t\t\t\t\t\t\t\t\t\t\t\t<img decoding=\"async\" width=\"260\" height=\"374\" src=\"https:\/\/www.tugraledpano.com\/wp-content\/uploads\/2021\/09\/duv_tip_tab_sac_pano_1.jpg\" class=\"attachment-large size-large wp-image-1817\" alt=\"\" srcset=\"https:\/\/www.tugraledpano.com\/wp-content\/uploads\/2021\/09\/duv_tip_tab_sac_pano_1.jpg 260w, https:\/\/www.tugraledpano.com\/wp-content\/uploads\/2021\/09\/duv_tip_tab_sac_pano_1-209x300.jpg 209w\" sizes=\"(max-width: 260px) 100vw, 260px\" \/>\t\t\t\t\t\t\t\t\t\t\t\t\t\t\t<\/div>\n\t\t\t\t<\/div>\n\t\t\t\t\t<\/div>\n\t\t<\/div>\n\t\t\t\t<div class=\"elementor-column elementor-col-50 elementor-top-column elementor-element elementor-element-3907ad0\" data-id=\"3907ad0\" data-element_type=\"column\" data-e-type=\"column\">\n\t\t\t<div class=\"elementor-widget-wrap elementor-element-populated\">\n\t\t\t\t\t\t<div class=\"elementor-element elementor-element-131d862 elementor-widget elementor-widget-image\" data-id=\"131d862\" data-element_type=\"widget\" data-e-type=\"widget\" data-widget_type=\"image.default\">\n\t\t\t\t<div class=\"elementor-widget-container\">\n\t\t\t\t\t\t\t\t\t\t\t\t\t\t\t<img decoding=\"async\" width=\"335\" height=\"375\" src=\"https:\/\/www.tugraledpano.com\/wp-content\/uploads\/2021\/09\/duv_tip_tab_sac_pano_2.jpg\" class=\"attachment-large size-large wp-image-1819\" alt=\"\" srcset=\"https:\/\/www.tugraledpano.com\/wp-content\/uploads\/2021\/09\/duv_tip_tab_sac_pano_2.jpg 335w, https:\/\/www.tugraledpano.com\/wp-content\/uploads\/2021\/09\/duv_tip_tab_sac_pano_2-268x300.jpg 268w\" sizes=\"(max-width: 335px) 100vw, 335px\" \/>\t\t\t\t\t\t\t\t\t\t\t\t\t\t\t<\/div>\n\t\t\t\t<\/div>\n\t\t\t\t\t<\/div>\n\t\t<\/div>\n\t\t\t\t\t<\/div>\n\t\t<\/section>\n\t\t\t\t<section class=\"elementor-section elementor-top-section elementor-element elementor-element-cf16adb elementor-section-boxed elementor-section-height-default elementor-section-height-default\" data-id=\"cf16adb\" data-element_type=\"section\" data-e-type=\"section\">\n\t\t\t\t\t\t<div class=\"elementor-container elementor-column-gap-default\">\n\t\t\t\t\t<div class=\"elementor-column elementor-col-100 elementor-top-column elementor-element elementor-element-e6ddecc\" data-id=\"e6ddecc\" data-element_type=\"column\" data-e-type=\"column\">\n\t\t\t<div class=\"elementor-widget-wrap elementor-element-populated\">\n\t\t\t\t\t\t<div class=\"elementor-element elementor-element-739e1a7 elementor-widget elementor-widget-image\" data-id=\"739e1a7\" data-element_type=\"widget\" data-e-type=\"widget\" data-widget_type=\"image.default\">\n\t\t\t\t<div class=\"elementor-widget-container\">\n\t\t\t\t\t\t\t\t\t\t\t\t\t\t\t<img loading=\"lazy\" decoding=\"async\" width=\"200\" height=\"377\" src=\"https:\/\/www.tugraledpano.com\/wp-content\/uploads\/2021\/09\/duv_tip_tab_sac_pano_3.jpg\" class=\"attachment-large size-large wp-image-1818\" alt=\"\" srcset=\"https:\/\/www.tugraledpano.com\/wp-content\/uploads\/2021\/09\/duv_tip_tab_sac_pano_3.jpg 200w, https:\/\/www.tugraledpano.com\/wp-content\/uploads\/2021\/09\/duv_tip_tab_sac_pano_3-159x300.jpg 159w\" sizes=\"(max-width: 200px) 100vw, 200px\" \/>\t\t\t\t\t\t\t\t\t\t\t\t\t\t\t<\/div>\n\t\t\t\t<\/div>\n\t\t\t\t\t<\/div>\n\t\t<\/div>\n\t\t\t\t\t<\/div>\n\t\t<\/section>\n\t\t\t\t<\/div>\n\t\t","protected":false},"excerpt":{"rendered":"<p>DUVAR T\u0130P\u0130 TABAN SA\u00c7LI PANOLAR Bu tip panolar daha \u00e7ok k\u00fc\u00e7\u00fck tip motor kontrollerinde kullan\u0131l\u0131rlar. Yan ve dik olarak tak\u0131lan montaj kulaklar\u0131 sayesinde duvara kolay montaj\u0131 sa\u011flanabilir. S\u00f6k\u00fclebilen montaj plakas\u0131 &#8230;<\/p>\n","protected":false},"author":3,"featured_media":0,"parent":0,"menu_order":0,"comment_status":"closed","ping_status":"closed","template":"","meta":{"om_disable_all_campaigns":false,"_monsterinsights_skip_tracking":false,"_monsterinsights_sitenote_active":false,"_monsterinsights_sitenote_note":"","_monsterinsights_sitenote_category":0,"_uf_show_specific_survey":0,"_uf_disable_surveys":false,"footnotes":""},"class_list":["post-1824","page","type-page","status-publish","hentry"],"aioseo_notices":[],"_links":{"self":[{"href":"https:\/\/www.tugraledpano.com\/index.php\/wp-json\/wp\/v2\/pages\/1824","targetHints":{"allow":["GET"]}}],"collection":[{"href":"https:\/\/www.tugraledpano.com\/index.php\/wp-json\/wp\/v2\/pages"}],"about":[{"href":"https:\/\/www.tugraledpano.com\/index.php\/wp-json\/wp\/v2\/types\/page"}],"author":[{"embeddable":true,"href":"https:\/\/www.tugraledpano.com\/index.php\/wp-json\/wp\/v2\/users\/3"}],"replies":[{"embeddable":true,"href":"https:\/\/www.tugraledpano.com\/index.php\/wp-json\/wp\/v2\/comments?post=1824"}],"version-history":[{"count":0,"href":"https:\/\/www.tugraledpano.com\/index.php\/wp-json\/wp\/v2\/pages\/1824\/revisions"}],"wp:attachment":[{"href":"https:\/\/www.tugraledpano.com\/index.php\/wp-json\/wp\/v2\/media?parent=1824"}],"curies":[{"name":"wp","href":"https:\/\/api.w.org\/{rel}","templated":true}]}}