{"id":1729,"date":"2021-08-20T15:11:42","date_gmt":"2021-08-20T15:11:42","guid":{"rendered":"http:\/\/www.penepepanoelektrik.com\/?page_id=1729"},"modified":"2021-08-20T15:11:42","modified_gmt":"2021-08-20T15:11:42","slug":"kalite-politikamiz","status":"publish","type":"page","link":"https:\/\/www.tugraledpano.com\/index.php\/kalite-politikamiz\/","title":{"rendered":"Kalite Politikam\u0131z"},"content":{"rendered":"\t\t<div data-elementor-type=\"wp-page\" data-elementor-id=\"1729\" class=\"elementor elementor-1729\">\n\t\t\t\t\t\t<section class=\"elementor-section elementor-top-section elementor-element elementor-element-630379b elementor-section-boxed elementor-section-height-default elementor-section-height-default\" data-id=\"630379b\" data-element_type=\"section\" data-e-type=\"section\">\n\t\t\t\t\t\t<div class=\"elementor-container elementor-column-gap-default\">\n\t\t\t\t\t<div class=\"elementor-column elementor-col-50 elementor-top-column elementor-element elementor-element-abc5150\" data-id=\"abc5150\" data-element_type=\"column\" data-e-type=\"column\">\n\t\t\t<div class=\"elementor-widget-wrap elementor-element-populated\">\n\t\t\t\t\t\t<div class=\"elementor-element elementor-element-7783b36 elementor-widget elementor-widget-image\" data-id=\"7783b36\" data-element_type=\"widget\" data-e-type=\"widget\" data-widget_type=\"image.default\">\n\t\t\t\t<div class=\"elementor-widget-container\">\n\t\t\t\t\t\t\t\t\t\t\t\t\t\t\t<img fetchpriority=\"high\" decoding=\"async\" width=\"326\" height=\"362\" src=\"https:\/\/www.tugraledpano.com\/wp-content\/uploads\/2021\/08\/kalite-500x362-1.jpg\" class=\"attachment-full size-full wp-image-1744\" alt=\"\" srcset=\"https:\/\/www.tugraledpano.com\/wp-content\/uploads\/2021\/08\/kalite-500x362-1.jpg 326w, https:\/\/www.tugraledpano.com\/wp-content\/uploads\/2021\/08\/kalite-500x362-1-270x300.jpg 270w\" sizes=\"(max-width: 326px) 100vw, 326px\" \/>\t\t\t\t\t\t\t\t\t\t\t\t\t\t\t<\/div>\n\t\t\t\t<\/div>\n\t\t\t\t\t<\/div>\n\t\t<\/div>\n\t\t\t\t<div class=\"elementor-column elementor-col-50 elementor-top-column elementor-element elementor-element-9855d52\" data-id=\"9855d52\" data-element_type=\"column\" data-e-type=\"column\">\n\t\t\t<div class=\"elementor-widget-wrap elementor-element-populated\">\n\t\t\t\t\t\t<div class=\"elementor-element elementor-element-3f9ba66 elementor-widget elementor-widget-text-editor\" data-id=\"3f9ba66\" data-element_type=\"widget\" data-e-type=\"widget\" data-widget_type=\"text-editor.default\">\n\t\t\t\t<div class=\"elementor-widget-container\">\n\t\t\t\t\t\t\t\t\t<p><strong>Kalite Politikam\u0131z;<\/strong><\/p><p>Ko\u015fulsuz M\u00fc\u015fteri Memnuniyetini art\u0131rmak ad\u0131na;<\/p><ul><li><h6>M\u00fc\u015fteri \u0130stek ve \u00d6nerilerini Dinlemeyi<\/h6><\/li><li><h6>Son Teknoloji Makine Parkuru<\/h6><\/li><li><h6>Y\u00fcksek Bilgi ve Deneyim Sahibi Tecr\u00fcbeli \u00c7al\u0131\u015fan Kadrosu<\/h6><\/li><li><h6>\u00c7al\u0131\u015fan Memnuniyeti ve E\u011fitimi<\/h6><\/li><li><h6>Ekip Ruhu ile \u00c7al\u0131\u015fmak<\/h6><\/li><li><h6>Sat\u0131\u015f Sonras\u0131 Destek Hizmeti<\/h6><\/li><li><h6>G\u00fcncel Kalite Belgeleri<\/h6><\/li><li><h6>H\u0131zl\u0131 ve G\u00fcvenilir Teslimat<\/h6><\/li><\/ul><p>\u0130lkelerine ko\u015fulsuz uyarak s\u00fcrekli geli\u015ftirmeyi kendisine prensip edinmi\u015ftir. Kaliteli hizmet i\u00e7in t\u00fcm \u00e7al\u0131\u015fanlar\u0131m\u0131z\u0131n \u015firketin kalite politikas\u0131 do\u011frultusunda y\u00f6nlendirmesi ve yapt\u0131\u011f\u0131m\u0131z her i\u015fte kaliteyi sa\u011flamak temel prensibimiz olmu\u015ftur.<\/p>\t\t\t\t\t\t\t\t<\/div>\n\t\t\t\t<\/div>\n\t\t\t\t\t<\/div>\n\t\t<\/div>\n\t\t\t\t\t<\/div>\n\t\t<\/section>\n\t\t\t\t<\/div>\n\t\t","protected":false},"excerpt":{"rendered":"<p>Kalite Politikam\u0131z; Ko\u015fulsuz M\u00fc\u015fteri Memnuniyetini art\u0131rmak ad\u0131na; M\u00fc\u015fteri \u0130stek ve \u00d6nerilerini Dinlemeyi Son Teknoloji Makine Parkuru Y\u00fcksek Bilgi ve Deneyim Sahibi Tecr\u00fcbeli \u00c7al\u0131\u015fan Kadrosu \u00c7al\u0131\u015fan Memnuniyeti ve E\u011fitimi Ekip Ruhu &#8230;<\/p>\n","protected":false},"author":3,"featured_media":0,"parent":0,"menu_order":0,"comment_status":"closed","ping_status":"closed","template":"","meta":{"om_disable_all_campaigns":false,"_monsterinsights_skip_tracking":false,"_monsterinsights_sitenote_active":false,"_monsterinsights_sitenote_note":"","_monsterinsights_sitenote_category":0,"_uf_show_specific_survey":0,"_uf_disable_surveys":false,"footnotes":""},"class_list":["post-1729","page","type-page","status-publish","hentry"],"aioseo_notices":[],"_links":{"self":[{"href":"https:\/\/www.tugraledpano.com\/index.php\/wp-json\/wp\/v2\/pages\/1729","targetHints":{"allow":["GET"]}}],"collection":[{"href":"https:\/\/www.tugraledpano.com\/index.php\/wp-json\/wp\/v2\/pages"}],"about":[{"href":"https:\/\/www.tugraledpano.com\/index.php\/wp-json\/wp\/v2\/types\/page"}],"author":[{"embeddable":true,"href":"https:\/\/www.tugraledpano.com\/index.php\/wp-json\/wp\/v2\/users\/3"}],"replies":[{"embeddable":true,"href":"https:\/\/www.tugraledpano.com\/index.php\/wp-json\/wp\/v2\/comments?post=1729"}],"version-history":[{"count":0,"href":"https:\/\/www.tugraledpano.com\/index.php\/wp-json\/wp\/v2\/pages\/1729\/revisions"}],"wp:attachment":[{"href":"https:\/\/www.tugraledpano.com\/index.php\/wp-json\/wp\/v2\/media?parent=1729"}],"curies":[{"name":"wp","href":"https:\/\/api.w.org\/{rel}","templated":true}]}}