{"id":1663,"date":"2021-08-19T18:21:28","date_gmt":"2021-08-19T18:21:28","guid":{"rendered":"http:\/\/www.penepepanoelektrik.com\/?page_id=1663"},"modified":"2021-08-19T18:21:28","modified_gmt":"2021-08-19T18:21:28","slug":"vizyon-misyon","status":"publish","type":"page","link":"https:\/\/www.tugraledpano.com\/index.php\/vizyon-misyon\/","title":{"rendered":"Vizyon &#038; Misyon"},"content":{"rendered":"<p><strong>\u00a0<\/strong><\/p>\n<p><img fetchpriority=\"high\" decoding=\"async\" class=\"size-medium wp-image-1671 alignleft\" src=\"http:\/\/www.tugraledpano.com\/wp-content\/uploads\/2021\/08\/hedef-300x255.png\" alt=\"\" width=\"300\" height=\"255\" srcset=\"https:\/\/www.tugraledpano.com\/wp-content\/uploads\/2021\/08\/hedef-300x255.png 300w, https:\/\/www.tugraledpano.com\/wp-content\/uploads\/2021\/08\/hedef.png 713w\" sizes=\"(max-width: 300px) 100vw, 300px\" \/><\/p>\n<p><strong>Misyonumuz:<\/strong><\/p>\n<p>Son teknoloji ve kaliteli \u00fcr\u00fcnler ile tecr\u00fcbemizi birle\u015ftirip m\u00fc\u015fteri memnuniyetini sa\u011flamak.<\/p>\n<p><strong>Vizyonumuz:<\/strong><\/p>\n<p>M\u00fc\u015fteri isteklerine uygun, sekt\u00f6r\u00fcndeki yenilikleri takip ederek, e\u011fitimli ve tecr\u00fcbeli ekibimiz ile sekt\u00f6r lideri olmak.<\/p>\n","protected":false},"excerpt":{"rendered":"<p>\u00a0 Misyonumuz: Son teknoloji ve kaliteli \u00fcr\u00fcnler ile tecr\u00fcbemizi birle\u015ftirip m\u00fc\u015fteri memnuniyetini sa\u011flamak. Vizyonumuz: M\u00fc\u015fteri isteklerine uygun, sekt\u00f6r\u00fcndeki yenilikleri takip ederek, e\u011fitimli ve tecr\u00fcbeli ekibimiz ile sekt\u00f6r lideri olmak.<\/p>\n","protected":false},"author":3,"featured_media":0,"parent":0,"menu_order":0,"comment_status":"closed","ping_status":"closed","template":"","meta":{"om_disable_all_campaigns":false,"_monsterinsights_skip_tracking":false,"_monsterinsights_sitenote_active":false,"_monsterinsights_sitenote_note":"","_monsterinsights_sitenote_category":0,"_uf_show_specific_survey":0,"_uf_disable_surveys":false,"footnotes":""},"class_list":["post-1663","page","type-page","status-publish","hentry"],"aioseo_notices":[],"_links":{"self":[{"href":"https:\/\/www.tugraledpano.com\/index.php\/wp-json\/wp\/v2\/pages\/1663","targetHints":{"allow":["GET"]}}],"collection":[{"href":"https:\/\/www.tugraledpano.com\/index.php\/wp-json\/wp\/v2\/pages"}],"about":[{"href":"https:\/\/www.tugraledpano.com\/index.php\/wp-json\/wp\/v2\/types\/page"}],"author":[{"embeddable":true,"href":"https:\/\/www.tugraledpano.com\/index.php\/wp-json\/wp\/v2\/users\/3"}],"replies":[{"embeddable":true,"href":"https:\/\/www.tugraledpano.com\/index.php\/wp-json\/wp\/v2\/comments?post=1663"}],"version-history":[{"count":0,"href":"https:\/\/www.tugraledpano.com\/index.php\/wp-json\/wp\/v2\/pages\/1663\/revisions"}],"wp:attachment":[{"href":"https:\/\/www.tugraledpano.com\/index.php\/wp-json\/wp\/v2\/media?parent=1663"}],"curies":[{"name":"wp","href":"https:\/\/api.w.org\/{rel}","templated":true}]}}