{"id":1629,"date":"2021-08-19T16:39:26","date_gmt":"2021-08-19T16:39:26","guid":{"rendered":"http:\/\/www.penepepanoelektrik.com\/?page_id=1629"},"modified":"2021-08-19T16:39:26","modified_gmt":"2021-08-19T16:39:26","slug":"harici-panolar","status":"publish","type":"page","link":"https:\/\/www.tugraledpano.com\/index.php\/harici-panolar\/","title":{"rendered":"Harici Panolar"},"content":{"rendered":"\t\t<div data-elementor-type=\"wp-page\" data-elementor-id=\"1629\" class=\"elementor elementor-1629\">\n\t\t\t\t\t\t<section class=\"elementor-section elementor-top-section elementor-element elementor-element-811e44f elementor-section-boxed elementor-section-height-default elementor-section-height-default\" data-id=\"811e44f\" data-element_type=\"section\" data-e-type=\"section\">\n\t\t\t\t\t\t<div class=\"elementor-container elementor-column-gap-default\">\n\t\t\t\t\t<div class=\"elementor-column elementor-col-50 elementor-top-column elementor-element elementor-element-eefb7d6\" data-id=\"eefb7d6\" data-element_type=\"column\" data-e-type=\"column\">\n\t\t\t<div class=\"elementor-widget-wrap elementor-element-populated\">\n\t\t\t\t\t\t<div class=\"elementor-element elementor-element-4780685 elementor-widget elementor-widget-text-editor\" data-id=\"4780685\" data-element_type=\"widget\" data-e-type=\"widget\" data-widget_type=\"text-editor.default\">\n\t\t\t\t<div class=\"elementor-widget-container\">\n\t\t\t\t\t\t\t\t\t<p><strong>HAR\u0130C\u0130 PANOLAR<\/strong><\/p><p>Harici tip panolar monoblok olarak \u00fcretilmekte hert\u00fcrl\u00fc uygulamalarda da\u011f\u0131t\u0131m saya\u00e7 MCC kompanzasyon panosu olarak d\u0131\u015f ortamlarda kullan\u0131lmak \u00fczere \u00fcretilmektedir. D\u0131\u015f ortam boyas\u0131 ile boyand\u0131klar\u0131 i\u00e7in bir darbe g\u00f6rmedi\u011fi s\u00fcrece uzun y\u0131llar paslanmadan kullan\u0131labilmektedir.<\/p>\t\t\t\t\t\t\t\t<\/div>\n\t\t\t\t<\/div>\n\t\t\t\t\t<\/div>\n\t\t<\/div>\n\t\t\t\t<div class=\"elementor-column elementor-col-50 elementor-top-column elementor-element elementor-element-d937de4\" data-id=\"d937de4\" data-element_type=\"column\" data-e-type=\"column\">\n\t\t\t<div class=\"elementor-widget-wrap elementor-element-populated\">\n\t\t\t\t\t\t<div class=\"elementor-element elementor-element-4538841 elementor-widget elementor-widget-image\" data-id=\"4538841\" data-element_type=\"widget\" data-e-type=\"widget\" data-widget_type=\"image.default\">\n\t\t\t\t<div class=\"elementor-widget-container\">\n\t\t\t\t\t\t\t\t\t\t\t\t\t\t\t<img fetchpriority=\"high\" decoding=\"async\" width=\"269\" height=\"250\" src=\"https:\/\/www.tugraledpano.com\/wp-content\/uploads\/2021\/08\/harici-panolar-3.jpg\" class=\"attachment-large size-large wp-image-1782\" alt=\"\" \/>\t\t\t\t\t\t\t\t\t\t\t\t\t\t\t<\/div>\n\t\t\t\t<\/div>\n\t\t\t\t\t<\/div>\n\t\t<\/div>\n\t\t\t\t\t<\/div>\n\t\t<\/section>\n\t\t\t\t<section class=\"elementor-section elementor-top-section elementor-element elementor-element-8cd3009 elementor-section-boxed elementor-section-height-default elementor-section-height-default\" data-id=\"8cd3009\" data-element_type=\"section\" data-e-type=\"section\">\n\t\t\t\t\t\t<div class=\"elementor-container elementor-column-gap-default\">\n\t\t\t\t\t<div class=\"elementor-column elementor-col-50 elementor-top-column elementor-element elementor-element-17ed30d\" data-id=\"17ed30d\" data-element_type=\"column\" data-e-type=\"column\">\n\t\t\t<div class=\"elementor-widget-wrap elementor-element-populated\">\n\t\t\t\t\t\t<div class=\"elementor-element elementor-element-aed7672 elementor-widget elementor-widget-image\" data-id=\"aed7672\" data-element_type=\"widget\" data-e-type=\"widget\" data-widget_type=\"image.default\">\n\t\t\t\t<div class=\"elementor-widget-container\">\n\t\t\t\t\t\t\t\t\t\t\t\t\t\t\t<img decoding=\"async\" width=\"251\" height=\"404\" src=\"https:\/\/www.tugraledpano.com\/wp-content\/uploads\/2021\/08\/harici-panolar-1.jpg\" class=\"attachment-large size-large wp-image-1780\" alt=\"\" srcset=\"https:\/\/www.tugraledpano.com\/wp-content\/uploads\/2021\/08\/harici-panolar-1.jpg 251w, https:\/\/www.tugraledpano.com\/wp-content\/uploads\/2021\/08\/harici-panolar-1-186x300.jpg 186w\" sizes=\"(max-width: 251px) 100vw, 251px\" \/>\t\t\t\t\t\t\t\t\t\t\t\t\t\t\t<\/div>\n\t\t\t\t<\/div>\n\t\t\t\t\t<\/div>\n\t\t<\/div>\n\t\t\t\t<div class=\"elementor-column elementor-col-50 elementor-top-column elementor-element elementor-element-4b5a580\" data-id=\"4b5a580\" data-element_type=\"column\" data-e-type=\"column\">\n\t\t\t<div class=\"elementor-widget-wrap elementor-element-populated\">\n\t\t\t\t\t\t<div class=\"elementor-element elementor-element-aec14db elementor-widget elementor-widget-image\" data-id=\"aec14db\" data-element_type=\"widget\" data-e-type=\"widget\" data-widget_type=\"image.default\">\n\t\t\t\t<div class=\"elementor-widget-container\">\n\t\t\t\t\t\t\t\t\t\t\t\t\t\t\t<img decoding=\"async\" width=\"308\" height=\"392\" src=\"https:\/\/www.tugraledpano.com\/wp-content\/uploads\/2021\/08\/harici-panolar-2.jpg\" class=\"attachment-large size-large wp-image-1781\" alt=\"\" srcset=\"https:\/\/www.tugraledpano.com\/wp-content\/uploads\/2021\/08\/harici-panolar-2.jpg 308w, https:\/\/www.tugraledpano.com\/wp-content\/uploads\/2021\/08\/harici-panolar-2-236x300.jpg 236w\" sizes=\"(max-width: 308px) 100vw, 308px\" \/>\t\t\t\t\t\t\t\t\t\t\t\t\t\t\t<\/div>\n\t\t\t\t<\/div>\n\t\t\t\t\t<\/div>\n\t\t<\/div>\n\t\t\t\t\t<\/div>\n\t\t<\/section>\n\t\t\t\t<section class=\"elementor-section elementor-top-section elementor-element elementor-element-9b7cd29 elementor-section-boxed elementor-section-height-default elementor-section-height-default\" data-id=\"9b7cd29\" data-element_type=\"section\" data-e-type=\"section\">\n\t\t\t\t\t\t<div class=\"elementor-container elementor-column-gap-default\">\n\t\t\t\t\t<div class=\"elementor-column elementor-col-100 elementor-top-column elementor-element elementor-element-9fda432\" data-id=\"9fda432\" data-element_type=\"column\" data-e-type=\"column\">\n\t\t\t<div class=\"elementor-widget-wrap elementor-element-populated\">\n\t\t\t\t\t\t<div class=\"elementor-element elementor-element-b8d9f5d elementor-widget elementor-widget-image\" data-id=\"b8d9f5d\" data-element_type=\"widget\" data-e-type=\"widget\" data-widget_type=\"image.default\">\n\t\t\t\t<div class=\"elementor-widget-container\">\n\t\t\t\t\t\t\t\t\t\t\t\t\t\t\t<img loading=\"lazy\" decoding=\"async\" width=\"330\" height=\"395\" src=\"https:\/\/www.tugraledpano.com\/wp-content\/uploads\/2021\/08\/harici-panolar-t.jpg\" class=\"attachment-large size-large wp-image-1783\" alt=\"\" srcset=\"https:\/\/www.tugraledpano.com\/wp-content\/uploads\/2021\/08\/harici-panolar-t.jpg 330w, https:\/\/www.tugraledpano.com\/wp-content\/uploads\/2021\/08\/harici-panolar-t-251x300.jpg 251w\" sizes=\"(max-width: 330px) 100vw, 330px\" \/>\t\t\t\t\t\t\t\t\t\t\t\t\t\t\t<\/div>\n\t\t\t\t<\/div>\n\t\t\t\t\t<\/div>\n\t\t<\/div>\n\t\t\t\t\t<\/div>\n\t\t<\/section>\n\t\t\t\t<\/div>\n\t\t","protected":false},"excerpt":{"rendered":"<p>HAR\u0130C\u0130 PANOLAR Harici tip panolar monoblok olarak \u00fcretilmekte hert\u00fcrl\u00fc uygulamalarda da\u011f\u0131t\u0131m saya\u00e7 MCC kompanzasyon panosu olarak d\u0131\u015f ortamlarda kullan\u0131lmak \u00fczere \u00fcretilmektedir. D\u0131\u015f ortam boyas\u0131 ile boyand\u0131klar\u0131 i\u00e7in bir darbe g\u00f6rmedi\u011fi &#8230;<\/p>\n","protected":false},"author":3,"featured_media":0,"parent":0,"menu_order":0,"comment_status":"closed","ping_status":"closed","template":"","meta":{"om_disable_all_campaigns":false,"_monsterinsights_skip_tracking":false,"_monsterinsights_sitenote_active":false,"_monsterinsights_sitenote_note":"","_monsterinsights_sitenote_category":0,"_uf_show_specific_survey":0,"_uf_disable_surveys":false,"footnotes":""},"class_list":["post-1629","page","type-page","status-publish","hentry"],"aioseo_notices":[],"_links":{"self":[{"href":"https:\/\/www.tugraledpano.com\/index.php\/wp-json\/wp\/v2\/pages\/1629","targetHints":{"allow":["GET"]}}],"collection":[{"href":"https:\/\/www.tugraledpano.com\/index.php\/wp-json\/wp\/v2\/pages"}],"about":[{"href":"https:\/\/www.tugraledpano.com\/index.php\/wp-json\/wp\/v2\/types\/page"}],"author":[{"embeddable":true,"href":"https:\/\/www.tugraledpano.com\/index.php\/wp-json\/wp\/v2\/users\/3"}],"replies":[{"embeddable":true,"href":"https:\/\/www.tugraledpano.com\/index.php\/wp-json\/wp\/v2\/comments?post=1629"}],"version-history":[{"count":0,"href":"https:\/\/www.tugraledpano.com\/index.php\/wp-json\/wp\/v2\/pages\/1629\/revisions"}],"wp:attachment":[{"href":"https:\/\/www.tugraledpano.com\/index.php\/wp-json\/wp\/v2\/media?parent=1629"}],"curies":[{"name":"wp","href":"https:\/\/api.w.org\/{rel}","templated":true}]}}