{"id":1626,"date":"2021-08-19T16:39:26","date_gmt":"2021-08-19T16:39:26","guid":{"rendered":"http:\/\/www.penepepanoelektrik.com\/?page_id=1626"},"modified":"2021-08-19T16:39:26","modified_gmt":"2021-08-19T16:39:26","slug":"standart-tip-kompanzasyon-panolar","status":"publish","type":"page","link":"https:\/\/www.tugraledpano.com\/index.php\/standart-tip-kompanzasyon-panolar\/","title":{"rendered":"Standart Tip Kompanzasyon Panolar"},"content":{"rendered":"\t\t<div data-elementor-type=\"wp-page\" data-elementor-id=\"1626\" class=\"elementor elementor-1626\">\n\t\t\t\t\t\t<section class=\"elementor-section elementor-top-section elementor-element elementor-element-fa78949 elementor-section-boxed elementor-section-height-default elementor-section-height-default\" data-id=\"fa78949\" data-element_type=\"section\" data-e-type=\"section\">\n\t\t\t\t\t\t<div class=\"elementor-container elementor-column-gap-default\">\n\t\t\t\t\t<div class=\"elementor-column elementor-col-50 elementor-top-column elementor-element elementor-element-f84d859\" data-id=\"f84d859\" data-element_type=\"column\" data-e-type=\"column\">\n\t\t\t<div class=\"elementor-widget-wrap elementor-element-populated\">\n\t\t\t\t\t\t<div class=\"elementor-element elementor-element-9a39163 elementor-widget elementor-widget-image\" data-id=\"9a39163\" data-element_type=\"widget\" data-e-type=\"widget\" data-widget_type=\"image.default\">\n\t\t\t\t<div class=\"elementor-widget-container\">\n\t\t\t\t\t\t\t\t\t\t\t\t\t\t\t<img fetchpriority=\"high\" decoding=\"async\" width=\"463\" height=\"201\" src=\"https:\/\/www.tugraledpano.com\/wp-content\/uploads\/2021\/09\/std_tip_komp_pano_1.jpg\" class=\"attachment-large size-large wp-image-1805\" alt=\"\" srcset=\"https:\/\/www.tugraledpano.com\/wp-content\/uploads\/2021\/09\/std_tip_komp_pano_1.jpg 463w, https:\/\/www.tugraledpano.com\/wp-content\/uploads\/2021\/09\/std_tip_komp_pano_1-300x130.jpg 300w\" sizes=\"(max-width: 463px) 100vw, 463px\" \/>\t\t\t\t\t\t\t\t\t\t\t\t\t\t\t<\/div>\n\t\t\t\t<\/div>\n\t\t\t\t\t<\/div>\n\t\t<\/div>\n\t\t\t\t<div class=\"elementor-column elementor-col-50 elementor-top-column elementor-element elementor-element-c766084\" data-id=\"c766084\" data-element_type=\"column\" data-e-type=\"column\">\n\t\t\t<div class=\"elementor-widget-wrap elementor-element-populated\">\n\t\t\t\t\t\t<div class=\"elementor-element elementor-element-313ef71 elementor-widget elementor-widget-text-editor\" data-id=\"313ef71\" data-element_type=\"widget\" data-e-type=\"widget\" data-widget_type=\"text-editor.default\">\n\t\t\t\t<div class=\"elementor-widget-container\">\n\t\t\t\t\t\t\t\t\t<p><strong>STANDART T\u0130P KOMPANZASYON PANOLARI<\/strong><\/p><p>Standart tip kompanzasyon panolar\u0131 genellikle i\u015fletmenin ana panosu ile birlikte yap\u0131lmakla beraber daha sonradan imal edilerek ana panoya montaj\u0131 yap\u0131labilmektedir. \u00c7ekmeceli tip kompanzasyon panolar\u0131na nazaran daha b\u00fcy\u00fck yap\u0131da olmakla beraber b\u00fct\u00fcn \u00e7al\u0131\u015fan cihazlar\u0131n \u00f6nden g\u00f6r\u00fclebilir olmas\u0131 sebebiyle tercih edilebilmektedir.<\/p>\t\t\t\t\t\t\t\t<\/div>\n\t\t\t\t<\/div>\n\t\t\t\t\t<\/div>\n\t\t<\/div>\n\t\t\t\t\t<\/div>\n\t\t<\/section>\n\t\t\t\t<\/div>\n\t\t","protected":false},"excerpt":{"rendered":"<p>STANDART T\u0130P KOMPANZASYON PANOLARI Standart tip kompanzasyon panolar\u0131 genellikle i\u015fletmenin ana panosu ile birlikte yap\u0131lmakla beraber daha sonradan imal edilerek ana panoya montaj\u0131 yap\u0131labilmektedir. \u00c7ekmeceli tip kompanzasyon panolar\u0131na nazaran daha &#8230;<\/p>\n","protected":false},"author":3,"featured_media":0,"parent":0,"menu_order":0,"comment_status":"closed","ping_status":"closed","template":"","meta":{"om_disable_all_campaigns":false,"_monsterinsights_skip_tracking":false,"_monsterinsights_sitenote_active":false,"_monsterinsights_sitenote_note":"","_monsterinsights_sitenote_category":0,"_uf_show_specific_survey":0,"_uf_disable_surveys":false,"footnotes":""},"class_list":["post-1626","page","type-page","status-publish","hentry"],"aioseo_notices":[],"_links":{"self":[{"href":"https:\/\/www.tugraledpano.com\/index.php\/wp-json\/wp\/v2\/pages\/1626","targetHints":{"allow":["GET"]}}],"collection":[{"href":"https:\/\/www.tugraledpano.com\/index.php\/wp-json\/wp\/v2\/pages"}],"about":[{"href":"https:\/\/www.tugraledpano.com\/index.php\/wp-json\/wp\/v2\/types\/page"}],"author":[{"embeddable":true,"href":"https:\/\/www.tugraledpano.com\/index.php\/wp-json\/wp\/v2\/users\/3"}],"replies":[{"embeddable":true,"href":"https:\/\/www.tugraledpano.com\/index.php\/wp-json\/wp\/v2\/comments?post=1626"}],"version-history":[{"count":0,"href":"https:\/\/www.tugraledpano.com\/index.php\/wp-json\/wp\/v2\/pages\/1626\/revisions"}],"wp:attachment":[{"href":"https:\/\/www.tugraledpano.com\/index.php\/wp-json\/wp\/v2\/media?parent=1626"}],"curies":[{"name":"wp","href":"https:\/\/api.w.org\/{rel}","templated":true}]}}