{"id":1625,"date":"2021-08-19T16:39:26","date_gmt":"2021-08-19T16:39:26","guid":{"rendered":"http:\/\/www.penepepanoelektrik.com\/?page_id=1625"},"modified":"2021-08-19T16:39:26","modified_gmt":"2021-08-19T16:39:26","slug":"paslanmaz-panolar","status":"publish","type":"page","link":"https:\/\/www.tugraledpano.com\/index.php\/paslanmaz-panolar\/","title":{"rendered":"Paslanmaz Panolar"},"content":{"rendered":"\t\t<div data-elementor-type=\"wp-page\" data-elementor-id=\"1625\" class=\"elementor elementor-1625\">\n\t\t\t\t\t\t<section class=\"elementor-section elementor-top-section elementor-element elementor-element-f072b6a elementor-section-boxed elementor-section-height-default elementor-section-height-default\" data-id=\"f072b6a\" data-element_type=\"section\" data-e-type=\"section\">\n\t\t\t\t\t\t<div class=\"elementor-container elementor-column-gap-default\">\n\t\t\t\t\t<div class=\"elementor-column elementor-col-50 elementor-top-column elementor-element elementor-element-531e706\" data-id=\"531e706\" data-element_type=\"column\" data-e-type=\"column\">\n\t\t\t<div class=\"elementor-widget-wrap elementor-element-populated\">\n\t\t\t\t\t\t<div class=\"elementor-element elementor-element-11082b3 elementor-widget elementor-widget-image\" data-id=\"11082b3\" data-element_type=\"widget\" data-e-type=\"widget\" data-widget_type=\"image.default\">\n\t\t\t\t<div class=\"elementor-widget-container\">\n\t\t\t\t\t\t\t\t\t\t\t\t\t\t\t<img fetchpriority=\"high\" decoding=\"async\" width=\"480\" height=\"220\" src=\"https:\/\/www.tugraledpano.com\/wp-content\/uploads\/2021\/09\/paslanmaz_pano_1.jpg\" class=\"attachment-large size-large wp-image-1813\" alt=\"\" srcset=\"https:\/\/www.tugraledpano.com\/wp-content\/uploads\/2021\/09\/paslanmaz_pano_1.jpg 480w, https:\/\/www.tugraledpano.com\/wp-content\/uploads\/2021\/09\/paslanmaz_pano_1-300x138.jpg 300w\" sizes=\"(max-width: 480px) 100vw, 480px\" \/>\t\t\t\t\t\t\t\t\t\t\t\t\t\t\t<\/div>\n\t\t\t\t<\/div>\n\t\t\t\t\t<\/div>\n\t\t<\/div>\n\t\t\t\t<div class=\"elementor-column elementor-col-50 elementor-top-column elementor-element elementor-element-b40a9fe\" data-id=\"b40a9fe\" data-element_type=\"column\" data-e-type=\"column\">\n\t\t\t<div class=\"elementor-widget-wrap elementor-element-populated\">\n\t\t\t\t\t\t<div class=\"elementor-element elementor-element-bf82326 elementor-widget elementor-widget-text-editor\" data-id=\"bf82326\" data-element_type=\"widget\" data-e-type=\"widget\" data-widget_type=\"text-editor.default\">\n\t\t\t\t<div class=\"elementor-widget-container\">\n\t\t\t\t\t\t\t\t\t<p><strong>PASLANMAZ PANOLAR \u00d6ZELL\u0130KLER\u0130:<\/strong><\/p><ul><li>304 kalitede paslanmaz sac<\/li><li>1,2 \u2013 1,5 mm g\u00f6vde sa\u00e7 kal\u0131nl\u0131\u011f\u0131<\/li><li>1,5 mm \u00f6n kap\u0131 sa\u00e7 kal\u0131nl\u0131\u011f\u0131<\/li><li>3 noktadan basmal\u0131 koruma derecesi<\/li><li>Pregalvaniz montaj plakas\u0131<\/li><li>\u0130ste\u011fe ba\u011fl\u0131 olarak delme i\u015flemleri (CNC LASER TEKNOLOJ\u0130S\u0130) ile yap\u0131lmaktad\u0131r.<\/li><\/ul>\t\t\t\t\t\t\t\t<\/div>\n\t\t\t\t<\/div>\n\t\t\t\t\t<\/div>\n\t\t<\/div>\n\t\t\t\t\t<\/div>\n\t\t<\/section>\n\t\t\t\t<\/div>\n\t\t","protected":false},"excerpt":{"rendered":"<p>PASLANMAZ PANOLAR \u00d6ZELL\u0130KLER\u0130: 304 kalitede paslanmaz sac 1,2 \u2013 1,5 mm g\u00f6vde sa\u00e7 kal\u0131nl\u0131\u011f\u0131 1,5 mm \u00f6n kap\u0131 sa\u00e7 kal\u0131nl\u0131\u011f\u0131 3 noktadan basmal\u0131 koruma derecesi Pregalvaniz montaj plakas\u0131 \u0130ste\u011fe ba\u011fl\u0131 &#8230;<\/p>\n","protected":false},"author":3,"featured_media":0,"parent":0,"menu_order":0,"comment_status":"closed","ping_status":"closed","template":"","meta":{"om_disable_all_campaigns":false,"_monsterinsights_skip_tracking":false,"_monsterinsights_sitenote_active":false,"_monsterinsights_sitenote_note":"","_monsterinsights_sitenote_category":0,"_uf_show_specific_survey":0,"_uf_disable_surveys":false,"footnotes":""},"class_list":["post-1625","page","type-page","status-publish","hentry"],"aioseo_notices":[],"_links":{"self":[{"href":"https:\/\/www.tugraledpano.com\/index.php\/wp-json\/wp\/v2\/pages\/1625","targetHints":{"allow":["GET"]}}],"collection":[{"href":"https:\/\/www.tugraledpano.com\/index.php\/wp-json\/wp\/v2\/pages"}],"about":[{"href":"https:\/\/www.tugraledpano.com\/index.php\/wp-json\/wp\/v2\/types\/page"}],"author":[{"embeddable":true,"href":"https:\/\/www.tugraledpano.com\/index.php\/wp-json\/wp\/v2\/users\/3"}],"replies":[{"embeddable":true,"href":"https:\/\/www.tugraledpano.com\/index.php\/wp-json\/wp\/v2\/comments?post=1625"}],"version-history":[{"count":0,"href":"https:\/\/www.tugraledpano.com\/index.php\/wp-json\/wp\/v2\/pages\/1625\/revisions"}],"wp:attachment":[{"href":"https:\/\/www.tugraledpano.com\/index.php\/wp-json\/wp\/v2\/media?parent=1625"}],"curies":[{"name":"wp","href":"https:\/\/api.w.org\/{rel}","templated":true}]}}