{"id":1624,"date":"2021-08-19T16:39:26","date_gmt":"2021-08-19T16:39:26","guid":{"rendered":"http:\/\/www.penepepanoelektrik.com\/?page_id=1624"},"modified":"2021-08-19T16:39:26","modified_gmt":"2021-08-19T16:39:26","slug":"cekmeceli-tip-panolar","status":"publish","type":"page","link":"https:\/\/www.tugraledpano.com\/index.php\/cekmeceli-tip-panolar\/","title":{"rendered":"\u00c7ekmeceli Tip Panolar"},"content":{"rendered":"<p><strong>\u00c7EKMECEL\u0130 T\u0130P KOMPANZASYON PANOLARI HARMON\u0130K F\u0130LTREL\u0130<\/strong><\/p>\n<p>Bilindi\u011fi gibi tesisler harmonik olu\u015fturan y\u00fckler i\u00e7eriyorsa filtreli kompanzasyon sistemine ihtiya\u00e7 duyarlar bunun i\u00e7in \u00fcretti\u011fimiz harmonik filtreli kompanzasyon panolar\u0131 g\u00fc\u00e7 katsay\u0131s\u0131n\u0131 y\u00fckseltirken tesiste olu\u015fan rezonans sonucu meydana gelen gerilim ve ak\u0131m harmoniklerinin y\u00fckselmesini engeller.<\/p>\n<p>\u00d6zel olarak \u00fcretilmi\u015f koruma r\u00f6leleri sayesinde reakt\u00f6r ve kondansat\u00f6rlerin iki faza kalmas\u0131n\u0131da engeller. \u00c7ekmeceli olmas\u0131 sebebi ile de i\u015fletme kolayl\u0131\u011f\u0131 sa\u011flar. Tek bir g\u00f6z pano i\u00e7erisine 650 KVAR\u2019a kadar harmonik filtreli kompanzasyon yap\u0131labilmektedir.<\/p>\n<p><strong>\u00c7EKMECEL\u0130 T\u0130P KOMPANZASYON PANOLARI STANDART<\/strong><\/p>\n<p>\u00c7ekmeceli tip kompanzasyon panolar\u0131 \u00e7ekmeceli yap\u0131lar\u0131 sayesinde bak\u0131m ve i\u015fletme maliyeti minimum seviyede olmaktad\u0131r. Standart tip kompanzasyon panolar\u0131na g\u00f6re daha az yer kaplamakta ve genel bak\u0131mlar\u0131 da daha pratik yap\u0131labilmektedir. Ar\u0131za olu\u015fan \u00e7ekmece yerinden \u00e7\u0131kar\u0131larak bak\u0131m\u0131 yap\u0131l\u0131rken birle\u015ftirilen di\u011fer \u00e7ekmecelerle sistem \u00e7al\u0131\u015fmaya devam etmekte bu sayede bir kay\u0131p olu\u015fmamaktad\u0131r.<\/p>\n","protected":false},"excerpt":{"rendered":"<p>\u00c7EKMECEL\u0130 T\u0130P KOMPANZASYON PANOLARI HARMON\u0130K F\u0130LTREL\u0130 Bilindi\u011fi gibi tesisler harmonik olu\u015fturan y\u00fckler i\u00e7eriyorsa filtreli kompanzasyon sistemine ihtiya\u00e7 duyarlar bunun i\u00e7in \u00fcretti\u011fimiz harmonik filtreli kompanzasyon panolar\u0131 g\u00fc\u00e7 katsay\u0131s\u0131n\u0131 y\u00fckseltirken tesiste olu\u015fan &#8230;<\/p>\n","protected":false},"author":3,"featured_media":0,"parent":0,"menu_order":0,"comment_status":"closed","ping_status":"closed","template":"","meta":{"om_disable_all_campaigns":false,"_monsterinsights_skip_tracking":false,"_monsterinsights_sitenote_active":false,"_monsterinsights_sitenote_note":"","_monsterinsights_sitenote_category":0,"_uf_show_specific_survey":0,"_uf_disable_surveys":false,"footnotes":""},"class_list":["post-1624","page","type-page","status-publish","hentry"],"aioseo_notices":[],"_links":{"self":[{"href":"https:\/\/www.tugraledpano.com\/index.php\/wp-json\/wp\/v2\/pages\/1624","targetHints":{"allow":["GET"]}}],"collection":[{"href":"https:\/\/www.tugraledpano.com\/index.php\/wp-json\/wp\/v2\/pages"}],"about":[{"href":"https:\/\/www.tugraledpano.com\/index.php\/wp-json\/wp\/v2\/types\/page"}],"author":[{"embeddable":true,"href":"https:\/\/www.tugraledpano.com\/index.php\/wp-json\/wp\/v2\/users\/3"}],"replies":[{"embeddable":true,"href":"https:\/\/www.tugraledpano.com\/index.php\/wp-json\/wp\/v2\/comments?post=1624"}],"version-history":[{"count":0,"href":"https:\/\/www.tugraledpano.com\/index.php\/wp-json\/wp\/v2\/pages\/1624\/revisions"}],"wp:attachment":[{"href":"https:\/\/www.tugraledpano.com\/index.php\/wp-json\/wp\/v2\/media?parent=1624"}],"curies":[{"name":"wp","href":"https:\/\/api.w.org\/{rel}","templated":true}]}}