{"id":1623,"date":"2021-08-19T16:39:26","date_gmt":"2021-08-19T16:39:26","guid":{"rendered":"http:\/\/www.penepepanoelektrik.com\/?page_id=1623"},"modified":"2021-08-19T16:39:26","modified_gmt":"2021-08-19T16:39:26","slug":"dikili-tip-panolar","status":"publish","type":"page","link":"https:\/\/www.tugraledpano.com\/index.php\/dikili-tip-panolar\/","title":{"rendered":"Dikili Tip Panolar"},"content":{"rendered":"<p><strong>D\u0130K\u0130L\u0130 T\u0130P PERDE SA\u00c7LI PANOLAR<\/strong><\/p>\n<p>Dikili tip perde sa\u00e7l\u0131 panolar i\u00e7erisinde bulunan cihazlar\u0131n \u00fcst\u00fcn\u00fc \u00f6rten perde sa\u00e7lar\u0131 sayesinde di\u011fer panolara oranla daha fazla i\u015fletme g\u00fcvenli\u011fi sa\u011flar ve b\u00f6ylece koruma s\u0131n\u0131f\u0131n\u0131 artt\u0131rm\u0131\u015f olur. D\u0131\u015f kapakta \u00f6l\u00e7\u00fc cihazlar\u0131 d\u0131\u015f\u0131nda herhangi bir cihaz bulunmad\u0131\u011f\u0131ndan estetik bir g\u00f6r\u00fcnt\u00fc olu\u015fturur.<\/p>\n<p><strong>D\u0130K\u0130L\u0130 T\u0130P TABAN SA\u00c7LI PANOLAR<\/strong><\/p>\n<p>Dikili tip taban sa\u00e7l\u0131 panolar daha \u00e7ok end\u00fcstriyel tesislerde motor kontrol panolar\u0131 olarak kullan\u0131lmaktad\u0131r. Hareketli taban sa\u00e7\u0131nda sa\u011flanan maksimum kullan\u0131m alan\u0131 sayesinde pano i\u00e7 b\u00f6l\u00fcm\u00fcnden m\u00fcmk\u00fcn oldu\u011funca fazla yararlan\u0131lmaktad\u0131r.<\/p>\n","protected":false},"excerpt":{"rendered":"<p>D\u0130K\u0130L\u0130 T\u0130P PERDE SA\u00c7LI PANOLAR Dikili tip perde sa\u00e7l\u0131 panolar i\u00e7erisinde bulunan cihazlar\u0131n \u00fcst\u00fcn\u00fc \u00f6rten perde sa\u00e7lar\u0131 sayesinde di\u011fer panolara oranla daha fazla i\u015fletme g\u00fcvenli\u011fi sa\u011flar ve b\u00f6ylece koruma s\u0131n\u0131f\u0131n\u0131 &#8230;<\/p>\n","protected":false},"author":3,"featured_media":0,"parent":0,"menu_order":0,"comment_status":"closed","ping_status":"closed","template":"","meta":{"om_disable_all_campaigns":false,"_monsterinsights_skip_tracking":false,"_monsterinsights_sitenote_active":false,"_monsterinsights_sitenote_note":"","_monsterinsights_sitenote_category":0,"_uf_show_specific_survey":0,"_uf_disable_surveys":false,"footnotes":""},"class_list":["post-1623","page","type-page","status-publish","hentry"],"aioseo_notices":[],"_links":{"self":[{"href":"https:\/\/www.tugraledpano.com\/index.php\/wp-json\/wp\/v2\/pages\/1623","targetHints":{"allow":["GET"]}}],"collection":[{"href":"https:\/\/www.tugraledpano.com\/index.php\/wp-json\/wp\/v2\/pages"}],"about":[{"href":"https:\/\/www.tugraledpano.com\/index.php\/wp-json\/wp\/v2\/types\/page"}],"author":[{"embeddable":true,"href":"https:\/\/www.tugraledpano.com\/index.php\/wp-json\/wp\/v2\/users\/3"}],"replies":[{"embeddable":true,"href":"https:\/\/www.tugraledpano.com\/index.php\/wp-json\/wp\/v2\/comments?post=1623"}],"version-history":[{"count":0,"href":"https:\/\/www.tugraledpano.com\/index.php\/wp-json\/wp\/v2\/pages\/1623\/revisions"}],"wp:attachment":[{"href":"https:\/\/www.tugraledpano.com\/index.php\/wp-json\/wp\/v2\/media?parent=1623"}],"curies":[{"name":"wp","href":"https:\/\/api.w.org\/{rel}","templated":true}]}}