{"id":1486,"date":"2021-08-19T11:06:37","date_gmt":"2021-08-19T11:06:37","guid":{"rendered":"http:\/\/www.penepepanoelektrik.com\/?page_id=1486"},"modified":"2021-08-19T11:06:37","modified_gmt":"2021-08-19T11:06:37","slug":"referanslar","status":"publish","type":"page","link":"https:\/\/www.tugraledpano.com\/index.php\/referanslar\/","title":{"rendered":"Referanslar"},"content":{"rendered":"\n<h3 class=\"wp-block-heading\">Referanslar\u0131m\u0131z<\/h3>\n\n\n\n\n\n\n\n<p class=\"has-text-align-center\"><img decoding=\"async\" class=\"aligncenter wp-image-1529 size-full\" src=\"http:\/\/www.tugraledpano.com\/wp-content\/uploads\/2021\/08\/logo1.jpg\" alt=\"\" width=\"200\" height=\"200\" srcset=\"https:\/\/www.tugraledpano.com\/wp-content\/uploads\/2021\/08\/logo1.jpg 200w, https:\/\/www.tugraledpano.com\/wp-content\/uploads\/2021\/08\/logo1-150x150.jpg 150w\" sizes=\"(max-width: 200px) 100vw, 200px\" \/><\/p>\n\n\n\n<p class=\"has-text-align-center\" style=\"text-align: center;\"><strong>B\u0130M A.\u015e.<\/strong><\/p>\n\n\n\n<p>&nbsp;<\/p>\n","protected":false},"excerpt":{"rendered":"<p>Referanslar\u0131m\u0131z B\u0130M A.\u015e. &nbsp;<\/p>\n","protected":false},"author":3,"featured_media":0,"parent":0,"menu_order":0,"comment_status":"closed","ping_status":"closed","template":"template-fullwidth.php","meta":{"om_disable_all_campaigns":false,"_monsterinsights_skip_tracking":false,"_monsterinsights_sitenote_active":false,"_monsterinsights_sitenote_note":"","_monsterinsights_sitenote_category":0,"_uf_show_specific_survey":0,"_uf_disable_surveys":false,"footnotes":""},"class_list":["post-1486","page","type-page","status-publish","hentry"],"aioseo_notices":[],"_links":{"self":[{"href":"https:\/\/www.tugraledpano.com\/index.php\/wp-json\/wp\/v2\/pages\/1486","targetHints":{"allow":["GET"]}}],"collection":[{"href":"https:\/\/www.tugraledpano.com\/index.php\/wp-json\/wp\/v2\/pages"}],"about":[{"href":"https:\/\/www.tugraledpano.com\/index.php\/wp-json\/wp\/v2\/types\/page"}],"author":[{"embeddable":true,"href":"https:\/\/www.tugraledpano.com\/index.php\/wp-json\/wp\/v2\/users\/3"}],"replies":[{"embeddable":true,"href":"https:\/\/www.tugraledpano.com\/index.php\/wp-json\/wp\/v2\/comments?post=1486"}],"version-history":[{"count":0,"href":"https:\/\/www.tugraledpano.com\/index.php\/wp-json\/wp\/v2\/pages\/1486\/revisions"}],"wp:attachment":[{"href":"https:\/\/www.tugraledpano.com\/index.php\/wp-json\/wp\/v2\/media?parent=1486"}],"curies":[{"name":"wp","href":"https:\/\/api.w.org\/{rel}","templated":true}]}}