{"id":1485,"date":"2021-08-19T11:06:37","date_gmt":"2021-08-19T11:06:37","guid":{"rendered":"http:\/\/www.penepepanoelektrik.com\/?page_id=1485"},"modified":"2024-11-22T15:35:54","modified_gmt":"2024-11-22T15:35:54","slug":"hakkimizda","status":"publish","type":"page","link":"https:\/\/www.tugraledpano.com\/index.php\/hakkimizda\/","title":{"rendered":"Hakk\u0131m\u0131zda"},"content":{"rendered":"\t\t<div data-elementor-type=\"wp-page\" data-elementor-id=\"1485\" class=\"elementor elementor-1485\">\n\t\t\t\t<div class=\"elementor-element elementor-element-45190e9 e-flex e-con-boxed e-con e-parent\" data-id=\"45190e9\" data-element_type=\"container\" data-e-type=\"container\">\n\t\t\t\t\t<div class=\"e-con-inner\">\n\t\t\t\t<div class=\"elementor-element elementor-element-14ab65ef elementor-widget elementor-widget-text-editor\" data-id=\"14ab65ef\" data-element_type=\"widget\" data-e-type=\"widget\" data-widget_type=\"text-editor.default\">\n\t\t\t\t<div class=\"elementor-widget-container\">\n\t\t\t\t\t\t\t\t\t\n<h3 class=\"wp-block-heading\"><b>TU\u011eRA LED PANO ELEKTR\u0130K M\u00dcHEND\u0130SL\u0130K ve \u0130N\u015eAAT SANAY\u0130 T\u0130CARET L\u0130M\u0130TED \u015e\u0130RKET\u0130<\/b><\/h3>\n\n<p><img fetchpriority=\"high\" decoding=\"async\" class=\"alignnone wp-image-2159 size-medium\" src=\"http:\/\/www.tugraledpano.com\/wp-content\/uploads\/2024\/11\/tugraledpano-ofis-resim-300x200.jpg\" alt=\"\" width=\"300\" height=\"200\" srcset=\"https:\/\/www.tugraledpano.com\/wp-content\/uploads\/2024\/11\/tugraledpano-ofis-resim-300x200.jpg 300w, https:\/\/www.tugraledpano.com\/wp-content\/uploads\/2024\/11\/tugraledpano-ofis-resim.jpg 450w\" sizes=\"(max-width: 300px) 100vw, 300px\" \/><\/p>\n<p>TU\u011eRA Led Pano Elektrik M\u00fchendislik ve \u0130n\u015faat Sanayi Ticaret Limited \u015eirketi 2024 y\u0131l\u0131nda y\u00fczde y\u00fcz yerli sermaye ile iki ortak olarak \u0130stanbul\u2019un Ba\u015fak\u015fehir il\u00e7esinde \u0130kitelli Organize Sanayi B\u00f6lgesinde YG, OG, AG ve Zay\u0131f ak\u0131m elektrik taahh\u00fct i\u015fleri, led ve elektrik pano imalat\u0131 ve montaj\u0131 yapmak \u00fczere kurulmu\u015ftur.<\/p>\n<p><br \/><strong>TU\u011eRA Led Pano Elektrik M\u00fchendislik ve \u0130n\u015faat Sanayi Ticaret Limited \u015eirketi,<\/strong> M\u00fc\u015fteri memnuniyeti ve geli\u015fen teknolojiyi yak\u0131ndan takip ederek k\u0131sa zamanda b\u00fcy\u00fck projelere imza atm\u0131\u015f m\u00fc\u015fteri memnuniyeti ve mal tesliminden sonra verdi\u011fi teknik destek sayesinde piyasadaki yerini sa\u011flamla\u015ft\u0131rm\u0131\u015ft\u0131r.<\/p>\t\t\t\t\t\t\t\t<\/div>\n\t\t\t\t<\/div>\n\t\t\t\t\t<\/div>\n\t\t\t\t<\/div>\n\t\t\t\t<\/div>\n\t\t","protected":false},"excerpt":{"rendered":"<p>TU\u011eRA LED PANO ELEKTR\u0130K M\u00dcHEND\u0130SL\u0130K ve \u0130N\u015eAAT SANAY\u0130 T\u0130CARET L\u0130M\u0130TED \u015e\u0130RKET\u0130 TU\u011eRA Led Pano Elektrik M\u00fchendislik ve \u0130n\u015faat Sanayi Ticaret Limited \u015eirketi 2024 y\u0131l\u0131nda y\u00fczde y\u00fcz yerli sermaye ile iki &#8230;<\/p>\n","protected":false},"author":3,"featured_media":0,"parent":0,"menu_order":0,"comment_status":"closed","ping_status":"closed","template":"template-fullwidth.php","meta":{"om_disable_all_campaigns":false,"_monsterinsights_skip_tracking":false,"_monsterinsights_sitenote_active":false,"_monsterinsights_sitenote_note":"","_monsterinsights_sitenote_category":0,"_uf_show_specific_survey":0,"_uf_disable_surveys":false,"footnotes":""},"class_list":["post-1485","page","type-page","status-publish","hentry"],"aioseo_notices":[],"_links":{"self":[{"href":"https:\/\/www.tugraledpano.com\/index.php\/wp-json\/wp\/v2\/pages\/1485","targetHints":{"allow":["GET"]}}],"collection":[{"href":"https:\/\/www.tugraledpano.com\/index.php\/wp-json\/wp\/v2\/pages"}],"about":[{"href":"https:\/\/www.tugraledpano.com\/index.php\/wp-json\/wp\/v2\/types\/page"}],"author":[{"embeddable":true,"href":"https:\/\/www.tugraledpano.com\/index.php\/wp-json\/wp\/v2\/users\/3"}],"replies":[{"embeddable":true,"href":"https:\/\/www.tugraledpano.com\/index.php\/wp-json\/wp\/v2\/comments?post=1485"}],"version-history":[{"count":9,"href":"https:\/\/www.tugraledpano.com\/index.php\/wp-json\/wp\/v2\/pages\/1485\/revisions"}],"predecessor-version":[{"id":2166,"href":"https:\/\/www.tugraledpano.com\/index.php\/wp-json\/wp\/v2\/pages\/1485\/revisions\/2166"}],"wp:attachment":[{"href":"https:\/\/www.tugraledpano.com\/index.php\/wp-json\/wp\/v2\/media?parent=1485"}],"curies":[{"name":"wp","href":"https:\/\/api.w.org\/{rel}","templated":true}]}}